{"id":1383,"date":"2024-03-20T09:14:27","date_gmt":"2024-03-20T09:14:27","guid":{"rendered":"https:\/\/www.mexcaltruckline.com\/logistica-de-recambios-de-automocion\/"},"modified":"2024-10-10T22:21:43","modified_gmt":"2024-10-10T22:21:43","slug":"logistica-de-piezas-de-automovil","status":"publish","type":"page","link":"https:\/\/www.mexcaltruckline.com\/es\/industrias\/logistica-de-piezas-de-automovil\/","title":{"rendered":"Log\u00edstica de piezas de autom\u00f3vil"},"content":{"rendered":"<div class=\"wpb-content-wrapper\"><p>[vc_section el_id=&#8221;automotive-section_0&#8243; el_class=&#8221;bg-size-cover bg-no-repeat bg-center bg-secondary&#8221; css=&#8221;.vc_custom_1711989316250{background-image: url(https:\/\/www.mexcaltruckline.com\/wp-content\/uploads\/2024\/03\/electronics-shipping-solutions-section_0-header-img_1.png?id=1558) !important;}&#8221;][vc_row][vc_column][vc_empty_space height=&#8221;100px&#8221;][vc_row_inner el_class=&#8221;row no-padding-vc&#8221;][vc_column_inner][vc_column_text el_class=&#8221;text-center&#8221;]<\/p>\n<h1 class=\"page-heading no-margin-bottom\">Log\u00edstica de piezas de autom\u00f3vil<\/h1>\n<p>[\/vc_column_text][\/vc_column_inner][\/vc_row_inner][vc_empty_space height=&#8221;160px&#8221;][\/vc_column][\/vc_row][\/vc_section][vc_section el_id=&#8221;automotive-section_1&#8243; css=&#8221;.vc_custom_1711988359461{background-image: url(https:\/\/www.mexcaltruckline.com\/wp-content\/uploads\/2024\/04\/automotive-parts-logistics-section_1-bg-img_1.jpg?id=1661) !important;background-position: center !important;background-repeat: no-repeat !important;background-size: cover !important;}&#8221; el_class=&#8221;hide-bg bg-size-cover bg-no-repeat bg-center&#8221;][vc_row][vc_column][vc_empty_space height=&#8221;90px&#8221; el_class=&#8221;show-for-large&#8221;][vc_row_inner el_class=&#8221;row no-padding-vc&#8221;][vc_column_inner el_class=&#8221;columns small-12 large-6 large-order-0 small-order-1&#8243; width=&#8221;1\/2&#8243;][vc_column_text el_class=&#8221;text-center large-text-left&#8221;]<\/p>\n<h2 class=\"h1 font-weight-bold margin-bottom-2point5rem alt-primary\">Soluciones superiores de gesti\u00f3n de la cadena de suministro de autom\u00f3vil<\/h2>\n<p class=\"no-margin-bottom remove-br\">El complejo mundo de la administraci\u00f3n de la cadena de suministro automotriz requiere soluciones sofisticadas y los 40 a\u00f1os de experiencia disponibles en Mex-Cal. Nos aseguramos de que cada paso del proceso incluya enfoques avanzados, entregas puntuales y soluciones integrales que le ayuden a conseguir crear un sistema eficaz y racionalizado.<\/p>\n<p>[\/vc_column_text][\/vc_column_inner][vc_column_inner el_class=&#8221;columns small-12 large-6 large-order-1 small-order-0&#8243; width=&#8221;1\/2&#8243;][vc_column_text el_class=&#8221;text-center hide-for-large&#8221;]<img loading=\"lazy\" decoding=\"async\" class=\"alignnone size-full wp-image-4793\" src=\"https:\/\/www.mexcaltruckline.com\/wp-content\/uploads\/2024\/10\/automotive-png-1413%C3%97947-10-10-2024_03_43_PM-min.png\" alt=\"log\u00edstica del autom\u00f3vil\" width=\"1401\" height=\"940\">[\/vc_column_text][vc_empty_space height=&#8221;45px&#8221; el_class=&#8221;hide-for-large&#8221;][\/vc_column_inner][\/vc_row_inner][vc_empty_space height=&#8221;90px&#8221; el_class=&#8221;show-for-large&#8221;][vc_empty_space height=&#8221;45px&#8221; el_class=&#8221;hide-for-large&#8221;][\/vc_column][\/vc_row][\/vc_section][vc_section el_id=&#8221;automotive-section_2&#8243; el_class=&#8221;bg-gradient&#8221;][vc_row][vc_column][vc_empty_space height=&#8221;90px&#8221; el_class=&#8221;show-for-large&#8221;][vc_empty_space height=&#8221;45px&#8221; el_class=&#8221;hide-for-large&#8221;][vc_row_inner el_class=&#8221;row no-padding-vc&#8221;][vc_column_inner][vc_column_text el_class=&#8221;text-center&#8221;]<\/p>\n<h2 class=\"h1 font-weight-bold margin-bottom-2point5rem alt-white\">Servicios log\u00edsticos de piezas de autom\u00f3vil<\/h2>\n<p class=\"no-margin-bottom remove-br alt-white\">Establece una asociaci\u00f3n duradera con un equipo flexible y adaptable, caracterizado por su profesionalidad y experiencia en el sector.<br \/>\nNuestros completos servicios de apoyo eliminan las preocupaciones log\u00edsticas, facilitando el acceso a todos los servicios que necesitas.<\/p>\n<p>[\/vc_column_text][vc_empty_space height=&#8221;90px&#8221; el_class=&#8221;show-for-large&#8221;][vc_empty_space height=&#8221;45px&#8221; el_class=&#8221;hide-for-large&#8221;][\/vc_column_inner][\/vc_row_inner][vc_row_inner el_class=&#8221;row no-padding-vc&#8221;][vc_column_inner width=&#8221;1\/2&#8243;][vc_column_text el_class=&#8221;text-center large-text-left extra-large-padding-right-for-large&#8221;]<\/p>\n<div class=\"row \">\n<div class=\"columns large-2 large-offset-1 small-12 margin-bottom-1rem\"><a href=\"https:\/\/www.mexcaltruckline.com\/es\/servicios\/logistica\/\"><img decoding=\"async\" class=\"alignnone size-full wp-image-1401\" src=\"https:\/\/www.mexcaltruckline.com\/wp-content\/uploads\/2024\/03\/piston.svg\" alt=\"\"><\/a><\/div>\n<div class=\"columns large-9 small-12\">\n<h4 class=\"font-color-white margin-bottom-1rem\">Experiencia en log\u00edstica de la cadena de suministro del autom\u00f3vil<\/h4>\n<p class=\"font-color-white big\">Con a\u00f1os de experiencia al servicio de la cadena de suministro de la automoci\u00f3n, nuestro equipo conoce en profundidad las complejidades del traslado de piezas de automoci\u00f3n de un punto a otro. Desde nuestro trabajo con fabricantes, proveedores y distribuidores de automoci\u00f3n, hasta las soluciones avanzadas que ofrecemos a cada cliente, tenemos soluciones que responden a sus necesidades espec\u00edficas.<\/p>\n<\/div>\n<\/div>\n<div class=\"\" style=\"height: 45px;\"><\/div>\n<div class=\"row \">\n<div class=\"columns large-2 large-offset-1 small-12 margin-bottom-1rem\"><a href=\"https:\/\/www.mexcaltruckline.com\/es\/servicios\/logistica\/\"><img decoding=\"async\" class=\"alignnone size-full wp-image-1403\" src=\"https:\/\/www.mexcaltruckline.com\/wp-content\/uploads\/2024\/03\/truck.svg\" alt=\"\"><\/a><\/div>\n<div class=\"columns large-9 small-12\">\n<h4 class=\"font-color-white margin-bottom-1rem\">Distribuci\u00f3n avanzada de piezas de veh\u00edculos<\/h4>\n<p class=\"font-color-white big\">M\u00e1s all\u00e1 de los servicios de transporte tradicionales, aportamos soluciones de vanguardia desarrolladas a partir de nuestra amplia experiencia en transporte y log\u00edstica.<\/p>\n<\/div>\n<\/div>\n<p>[\/vc_column_text][vc_empty_space height=&#8221;45px&#8221; el_class=&#8221;hide-for-large&#8221;][\/vc_column_inner][vc_column_inner width=&#8221;1\/2&#8243;][vc_column_text el_class=&#8221;text-center large-text-left extra-large-padding-right-for-large&#8221;]<\/p>\n<div class=\"row \">\n<div class=\"columns large-2 large-offset-1 small-12 margin-bottom-1rem\"><a href=\"https:\/\/www.mexcaltruckline.com\/es\/servicios\/logistica\/\"><img decoding=\"async\" class=\"alignnone size-full wp-image-1442\" src=\"https:\/\/www.mexcaltruckline.com\/wp-content\/uploads\/2024\/03\/starred.svg\" alt=\"\"><\/a><\/div>\n<div class=\"columns large-9 small-12\">\n<h4 class=\"font-color-white margin-bottom-1rem\">Log\u00edstica integral de componentes de autom\u00f3vil<\/h4>\n<p class=\"font-color-white big\">Desde el alquiler de espacio en patios que cumple la normativa C-TPAT hasta servicios puerta a puerta, ofrecemos soluciones integrales y completas para la cadena de suministro adaptadas al sector automotriz. Perm\u00edtanos atender sus necesidades, desde el almacenamiento hasta las importaciones y exportaciones, en todos los aspectos de su cadena de suministro.<\/p>\n<\/div>\n<\/div>\n<div class=\"\" style=\"height: 45px;\"><\/div>\n<div class=\"row \">\n<div class=\"columns large-2 large-offset-1 small-12 margin-bottom-1rem\"><a href=\"https:\/\/www.mexcaltruckline.com\/es\/servicios\/transportistas-aduaneros\/\"><img decoding=\"async\" class=\"alignnone size-full wp-image-1444\" src=\"https:\/\/www.mexcaltruckline.com\/wp-content\/uploads\/2024\/03\/boxes.svg\" alt=\"\"><\/a><\/div>\n<div class=\"columns large-9 small-12\">\n<h4 class=\"font-color-white margin-bottom-1rem\">Servicios de enlace<\/h4>\n<p class=\"font-color-white big\">Mejore su log\u00edstica de automoci\u00f3n con nuestros servicios de fianzas. Benef\u00edciese de la ventaja estrat\u00e9gica del almacenamiento y transporte de piezas y componentes con derechos de aduana diferidos. Reduzca los costes operativos y los plazos de entrega, manteniendo su cadena de suministro en la v\u00eda r\u00e1pida.<\/p>\n<\/div>\n<\/div>\n<p>[\/vc_column_text][\/vc_column_inner][\/vc_row_inner][vc_empty_space height=&#8221;90px&#8221; el_class=&#8221;show-for-large&#8221;][vc_empty_space height=&#8221;45px&#8221; el_class=&#8221;hide-for-large&#8221;][\/vc_column][\/vc_row][\/vc_section][vc_section el_id=&#8221;automotive-section_3&#8243; el_class=&#8221;bg-size-cover bg-no-repeat bg-center hide-bg&#8221; css=&#8221;.vc_custom_1711988339470{background-image: url(https:\/\/www.mexcaltruckline.com\/wp-content\/uploads\/2024\/03\/automotive-section.png?id=1399) !important;}&#8221;][vc_row][vc_column][vc_empty_space height=&#8221;90px&#8221; el_class=&#8221;show-for-large&#8221;][vc_row_inner el_class=&#8221;row no-padding-vc hide-for-large&#8221;][vc_column_inner width=&#8221;1\/2&#8243;][vc_column_text el_class=&#8221;text-center hide-for-large&#8221;]<img loading=\"lazy\" decoding=\"async\" class=\"alignnone size-full wp-image-1679\" src=\"\/wp-content\/uploads\/2024\/04\/automotive-section_3-img_1-1.png\" alt=\"\" width=\"946\" height=\"696\" srcset=\"https:\/\/www.mexcaltruckline.com\/wp-content\/uploads\/2024\/04\/automotive-section_3-img_1-1.png 946w, https:\/\/www.mexcaltruckline.com\/wp-content\/uploads\/2024\/04\/automotive-section_3-img_1-1-300x221.png 300w, https:\/\/www.mexcaltruckline.com\/wp-content\/uploads\/2024\/04\/automotive-section_3-img_1-1-768x565.png 768w\" sizes=\"auto, (max-width: 946px) 100vw, 946px\" \/>[\/vc_column_text][\/vc_column_inner][vc_column_inner width=&#8221;1\/2&#8243;][\/vc_column_inner][\/vc_row_inner][vc_empty_space height=&#8221;24px&#8221; el_class=&#8221;hide-for-large&#8221;][vc_row_inner el_class=&#8221;row no-padding-vc&#8221;][vc_column_inner width=&#8221;1\/2&#8243;][\/vc_column_inner][vc_column_inner width=&#8221;1\/2&#8243;][vc_column_text el_class=&#8221;text-center large-text-left extra-big-padding-left-for-large&#8221;]<\/p>\n<h2 class=\"h1 font-color-primary remove-br margin-bottom-2rem\">Seguridad 24\/7 para cada carga<\/h2>\n<p class=\" margin-bottom-1point5rem big\">Evite da\u00f1os y p\u00e9rdidas de carga durante la gesti\u00f3n de su cadena de suministro de automoci\u00f3n con medidas de seguridad de primer nivel. Aprovechamos una inspecci\u00f3n de 21 puntos para cada carga, junto con las siguientes medidas:<\/p>\n<ul class=\"big no-bullet list-icon text-left\">\n<li>Olfateadores K-9<\/li>\n<li>Control por GPS 24 horas al d\u00eda, 7 d\u00edas a la semana<\/li>\n<li><a href=\"https:\/\/www.mexcaltruckline.com\/es\/servicios\/patio\/\">Guardias de seguridad<\/a> en el <a href=\"https:\/\/www.mexcaltruckline.com\/es\/servicios\/patio\/\">patio<\/a><\/li>\n<li>Vigilancia constante<\/li>\n<\/ul>\n<p class=\"big no-margin-bottom\">Con <a href=\"https:\/\/www.mexcaltruckline.com\/es\/acerca-de\/\">m\u00e1s de 40 a\u00f1os de experiencia<\/a> a nuestras espaldas, estamos equipados para salvaguardar tu carga desde el principio de su viaje hasta el final. Conf\u00ede en nuestras soluciones todo en uno para ofrecer seguridad con cada carga.<\/p>\n<p>[\/vc_column_text][\/vc_column_inner][\/vc_row_inner][vc_empty_space height=&#8221;90px&#8221; el_class=&#8221;show-for-large&#8221;][vc_empty_space height=&#8221;45px&#8221; el_class=&#8221;hide-for-large&#8221;][\/vc_column][\/vc_row][\/vc_section]<\/p>\n<\/div>","protected":false},"excerpt":{"rendered":"<p>[vc_section el_id=&#8221;automotive-section_0&#8243; el_class=&#8221;bg-size-cover bg-no-repeat bg-center bg-secondary&#8221; css=&#8221;.vc_custom_1711989316250{background-image: url(https:\/\/www.mexcaltruckline.com\/wp-content\/uploads\/2024\/03\/electronics-shipping-solutions-section_0-header-img_1.png?id=1558) !important;}&#8221;][vc_row][vc_column][vc_empty_space height=&#8221;100px&#8221;][vc_row_inner el_class=&#8221;row no-padding-vc&#8221;][vc_column_inner][vc_column_text el_class=&#8221;text-center&#8221;] Log\u00edstica de piezas de autom\u00f3vil [\/vc_column_text][\/vc_column_inner][\/vc_row_inner][vc_empty_space height=&#8221;160px&#8221;][\/vc_column][\/vc_row][\/vc_section][vc_section el_id=&#8221;automotive-section_1&#8243; css=&#8221;.vc_custom_1711988359461{background-image: url(https:\/\/www.mexcaltruckline.com\/wp-content\/uploads\/2024\/04\/automotive-parts-logistics-section_1-bg-img_1.jpg?id=1661) !important;background-position: center !important;background-repeat: no-repeat !important;background-size: cover !important;}&#8221; el_class=&#8221;hide-bg bg-size-cover bg-no-repeat bg-center&#8221;][vc_row][vc_column][vc_empty_space height=&#8221;90px&#8221; el_class=&#8221;show-for-large&#8221;][vc_row_inner el_class=&#8221;row no-padding-vc&#8221;][vc_column_inner el_class=&#8221;columns small-12 large-6 large-order-0 small-order-1&#8243; width=&#8221;1\/2&#8243;][vc_column_text el_class=&#8221;text-center large-text-left&#8221;] Soluciones superiores de gesti\u00f3n de la cadena de suministro<a class=\"excerpt-read-more\" href=\"https:\/\/www.mexcaltruckline.com\/es\/industrias\/logistica-de-piezas-de-automovil\/\" title=\"ReadLog\u00edstica de piezas de autom\u00f3vil\">&#8230; Read more &raquo;<\/a><\/p>\n","protected":false},"author":1,"featured_media":4794,"parent":1911,"menu_order":0,"comment_status":"closed","ping_status":"closed","template":"template-visual-builder.php","meta":{"inline_featured_image":false,"footnotes":""},"class_list":["post-1383","page","type-page","status-publish","has-post-thumbnail","hentry"],"yoast_head":"<!-- This site is optimized with the Yoast SEO plugin v26.9 - https:\/\/yoast.com\/product\/yoast-seo-wordpress\/ -->\n<title>Servicio de Log\u00edstica del Autom\u00f3vil | MexCal Truckline<\/title>\n<meta name=\"description\" content=\"MexCal Truckline proporciona soluciones avanzadas de log\u00edstica del autom\u00f3vil, especializ\u00e1ndose en la gesti\u00f3n eficaz de la cadena de suministro.\" \/>\n<meta name=\"robots\" content=\"index, follow, max-snippet:-1, max-image-preview:large, max-video-preview:-1\" \/>\n<link rel=\"canonical\" href=\"https:\/\/www.mexcaltruckline.com\/es\/industrias\/logistica-de-piezas-de-automovil\/\" \/>\n<meta property=\"og:locale\" content=\"es_ES\" \/>\n<meta property=\"og:type\" content=\"article\" \/>\n<meta property=\"og:title\" content=\"Servicio de Log\u00edstica del Autom\u00f3vil | MexCal Truckline\" \/>\n<meta property=\"og:description\" content=\"MexCal Truckline proporciona soluciones avanzadas de log\u00edstica del autom\u00f3vil, especializ\u00e1ndose en la gesti\u00f3n eficaz de la cadena de suministro.\" \/>\n<meta property=\"og:url\" content=\"https:\/\/www.mexcaltruckline.com\/es\/industrias\/logistica-de-piezas-de-automovil\/\" \/>\n<meta property=\"og:site_name\" content=\"MexCal Truckline - San Diego-Tijuana Trucking Company\" \/>\n<meta property=\"article:publisher\" content=\"https:\/\/www.facebook.com\/mexcaltrucklineusa\/\" \/>\n<meta property=\"article:modified_time\" content=\"2024-10-10T22:21:43+00:00\" \/>\n<meta property=\"og:image\" content=\"https:\/\/www.mexcaltruckline.com\/wp-content\/uploads\/2024\/10\/automotive-png-1413\u00d7947-10-10-2024_03_43_PM-min.png\" \/>\n\t<meta property=\"og:image:width\" content=\"1401\" \/>\n\t<meta property=\"og:image:height\" content=\"940\" \/>\n\t<meta property=\"og:image:type\" content=\"image\/png\" \/>\n<meta name=\"twitter:card\" content=\"summary_large_image\" \/>\n<meta name=\"twitter:label1\" content=\"Est. reading time\" \/>\n\t<meta name=\"twitter:data1\" content=\"4 minutes\" \/>\n<script type=\"application\/ld+json\" class=\"yoast-schema-graph\">{\"@context\":\"https:\/\/schema.org\",\"@graph\":[{\"@type\":\"WebPage\",\"@id\":\"https:\/\/www.mexcaltruckline.com\/es\/industrias\/logistica-de-piezas-de-automovil\/\",\"url\":\"https:\/\/www.mexcaltruckline.com\/es\/industrias\/logistica-de-piezas-de-automovil\/\",\"name\":\"Servicio de Log\u00edstica del Autom\u00f3vil | MexCal Truckline\",\"isPartOf\":{\"@id\":\"https:\/\/www.mexcaltruckline.com\/#website\"},\"primaryImageOfPage\":{\"@id\":\"https:\/\/www.mexcaltruckline.com\/es\/industrias\/logistica-de-piezas-de-automovil\/#primaryimage\"},\"image\":{\"@id\":\"https:\/\/www.mexcaltruckline.com\/es\/industrias\/logistica-de-piezas-de-automovil\/#primaryimage\"},\"thumbnailUrl\":\"https:\/\/www.mexcaltruckline.com\/wp-content\/uploads\/2024\/10\/automotive-png-1413\u00d7947-10-10-2024_03_43_PM-min.png\",\"datePublished\":\"2024-03-20T09:14:27+00:00\",\"dateModified\":\"2024-10-10T22:21:43+00:00\",\"description\":\"MexCal Truckline proporciona soluciones avanzadas de log\u00edstica del autom\u00f3vil, especializ\u00e1ndose en la gesti\u00f3n eficaz de la cadena de suministro.\",\"breadcrumb\":{\"@id\":\"https:\/\/www.mexcaltruckline.com\/es\/industrias\/logistica-de-piezas-de-automovil\/#breadcrumb\"},\"inLanguage\":\"es-ES\",\"potentialAction\":[{\"@type\":\"ReadAction\",\"target\":[\"https:\/\/www.mexcaltruckline.com\/es\/industrias\/logistica-de-piezas-de-automovil\/\"]}]},{\"@type\":\"ImageObject\",\"inLanguage\":\"es-ES\",\"@id\":\"https:\/\/www.mexcaltruckline.com\/es\/industrias\/logistica-de-piezas-de-automovil\/#primaryimage\",\"url\":\"https:\/\/www.mexcaltruckline.com\/wp-content\/uploads\/2024\/10\/automotive-png-1413\u00d7947-10-10-2024_03_43_PM-min.png\",\"contentUrl\":\"https:\/\/www.mexcaltruckline.com\/wp-content\/uploads\/2024\/10\/automotive-png-1413\u00d7947-10-10-2024_03_43_PM-min.png\",\"width\":1401,\"height\":940,\"caption\":\"automotive logistics\"},{\"@type\":\"BreadcrumbList\",\"@id\":\"https:\/\/www.mexcaltruckline.com\/es\/industrias\/logistica-de-piezas-de-automovil\/#breadcrumb\",\"itemListElement\":[{\"@type\":\"ListItem\",\"position\":1,\"name\":\"Home\",\"item\":\"https:\/\/www.mexcaltruckline.com\/es\/\"},{\"@type\":\"ListItem\",\"position\":2,\"name\":\"Industrias\",\"item\":\"https:\/\/www.mexcaltruckline.com\/es\/industrias\/\"},{\"@type\":\"ListItem\",\"position\":3,\"name\":\"Log\u00edstica de piezas de autom\u00f3vil\"}]},{\"@type\":\"WebSite\",\"@id\":\"https:\/\/www.mexcaltruckline.com\/#website\",\"url\":\"https:\/\/www.mexcaltruckline.com\/\",\"name\":\"MexCal Truckline | Mexico-San Diego Trucking Company\",\"description\":\"On Time, Every Time.\",\"publisher\":{\"@id\":\"https:\/\/www.mexcaltruckline.com\/#organization\"},\"alternateName\":\"Mexcal Truckline\",\"potentialAction\":[{\"@type\":\"SearchAction\",\"target\":{\"@type\":\"EntryPoint\",\"urlTemplate\":\"https:\/\/www.mexcaltruckline.com\/?s={search_term_string}\"},\"query-input\":{\"@type\":\"PropertyValueSpecification\",\"valueRequired\":true,\"valueName\":\"search_term_string\"}}],\"inLanguage\":\"es-ES\"},{\"@type\":\"Organization\",\"@id\":\"https:\/\/www.mexcaltruckline.com\/#organization\",\"name\":\"Mex-Cal Truckline Transportes\",\"url\":\"https:\/\/www.mexcaltruckline.com\/\",\"logo\":{\"@type\":\"ImageObject\",\"inLanguage\":\"es-ES\",\"@id\":\"https:\/\/www.mexcaltruckline.com\/#\/schema\/logo\/image\/\",\"url\":\"https:\/\/www.mexcaltruckline.com\/wp-content\/uploads\/2023\/07\/logo_mex-cal.svg\",\"contentUrl\":\"https:\/\/www.mexcaltruckline.com\/wp-content\/uploads\/2023\/07\/logo_mex-cal.svg\",\"width\":\"1024\",\"height\":\"1024\",\"caption\":\"Mex-Cal Truckline Transportes\"},\"image\":{\"@id\":\"https:\/\/www.mexcaltruckline.com\/#\/schema\/logo\/image\/\"},\"sameAs\":[\"https:\/\/www.facebook.com\/mexcaltrucklineusa\/\",\"https:\/\/www.instagram.com\/mexcaltruckline\/\",\"https:\/\/www.indeed.com\/cmp\/Mex--cal-Truckline\"]}]}<\/script>\n<!-- \/ Yoast SEO plugin. -->","yoast_head_json":{"title":"Servicio de Log\u00edstica del Autom\u00f3vil | MexCal Truckline","description":"MexCal Truckline proporciona soluciones avanzadas de log\u00edstica del autom\u00f3vil, especializ\u00e1ndose en la gesti\u00f3n eficaz de la cadena de suministro.","robots":{"index":"index","follow":"follow","max-snippet":"max-snippet:-1","max-image-preview":"max-image-preview:large","max-video-preview":"max-video-preview:-1"},"canonical":"https:\/\/www.mexcaltruckline.com\/es\/industrias\/logistica-de-piezas-de-automovil\/","og_locale":"es_ES","og_type":"article","og_title":"Servicio de Log\u00edstica del Autom\u00f3vil | MexCal Truckline","og_description":"MexCal Truckline proporciona soluciones avanzadas de log\u00edstica del autom\u00f3vil, especializ\u00e1ndose en la gesti\u00f3n eficaz de la cadena de suministro.","og_url":"https:\/\/www.mexcaltruckline.com\/es\/industrias\/logistica-de-piezas-de-automovil\/","og_site_name":"MexCal Truckline - San Diego-Tijuana Trucking Company","article_publisher":"https:\/\/www.facebook.com\/mexcaltrucklineusa\/","article_modified_time":"2024-10-10T22:21:43+00:00","og_image":[{"width":1401,"height":940,"url":"https:\/\/www.mexcaltruckline.com\/wp-content\/uploads\/2024\/10\/automotive-png-1413\u00d7947-10-10-2024_03_43_PM-min.png","type":"image\/png"}],"twitter_card":"summary_large_image","twitter_misc":{"Est. reading time":"4 minutes"},"schema":{"@context":"https:\/\/schema.org","@graph":[{"@type":"WebPage","@id":"https:\/\/www.mexcaltruckline.com\/es\/industrias\/logistica-de-piezas-de-automovil\/","url":"https:\/\/www.mexcaltruckline.com\/es\/industrias\/logistica-de-piezas-de-automovil\/","name":"Servicio de Log\u00edstica del Autom\u00f3vil | MexCal Truckline","isPartOf":{"@id":"https:\/\/www.mexcaltruckline.com\/#website"},"primaryImageOfPage":{"@id":"https:\/\/www.mexcaltruckline.com\/es\/industrias\/logistica-de-piezas-de-automovil\/#primaryimage"},"image":{"@id":"https:\/\/www.mexcaltruckline.com\/es\/industrias\/logistica-de-piezas-de-automovil\/#primaryimage"},"thumbnailUrl":"https:\/\/www.mexcaltruckline.com\/wp-content\/uploads\/2024\/10\/automotive-png-1413\u00d7947-10-10-2024_03_43_PM-min.png","datePublished":"2024-03-20T09:14:27+00:00","dateModified":"2024-10-10T22:21:43+00:00","description":"MexCal Truckline proporciona soluciones avanzadas de log\u00edstica del autom\u00f3vil, especializ\u00e1ndose en la gesti\u00f3n eficaz de la cadena de suministro.","breadcrumb":{"@id":"https:\/\/www.mexcaltruckline.com\/es\/industrias\/logistica-de-piezas-de-automovil\/#breadcrumb"},"inLanguage":"es-ES","potentialAction":[{"@type":"ReadAction","target":["https:\/\/www.mexcaltruckline.com\/es\/industrias\/logistica-de-piezas-de-automovil\/"]}]},{"@type":"ImageObject","inLanguage":"es-ES","@id":"https:\/\/www.mexcaltruckline.com\/es\/industrias\/logistica-de-piezas-de-automovil\/#primaryimage","url":"https:\/\/www.mexcaltruckline.com\/wp-content\/uploads\/2024\/10\/automotive-png-1413\u00d7947-10-10-2024_03_43_PM-min.png","contentUrl":"https:\/\/www.mexcaltruckline.com\/wp-content\/uploads\/2024\/10\/automotive-png-1413\u00d7947-10-10-2024_03_43_PM-min.png","width":1401,"height":940,"caption":"automotive logistics"},{"@type":"BreadcrumbList","@id":"https:\/\/www.mexcaltruckline.com\/es\/industrias\/logistica-de-piezas-de-automovil\/#breadcrumb","itemListElement":[{"@type":"ListItem","position":1,"name":"Home","item":"https:\/\/www.mexcaltruckline.com\/es\/"},{"@type":"ListItem","position":2,"name":"Industrias","item":"https:\/\/www.mexcaltruckline.com\/es\/industrias\/"},{"@type":"ListItem","position":3,"name":"Log\u00edstica de piezas de autom\u00f3vil"}]},{"@type":"WebSite","@id":"https:\/\/www.mexcaltruckline.com\/#website","url":"https:\/\/www.mexcaltruckline.com\/","name":"MexCal Truckline | Mexico-San Diego Trucking Company","description":"On Time, Every Time.","publisher":{"@id":"https:\/\/www.mexcaltruckline.com\/#organization"},"alternateName":"Mexcal Truckline","potentialAction":[{"@type":"SearchAction","target":{"@type":"EntryPoint","urlTemplate":"https:\/\/www.mexcaltruckline.com\/?s={search_term_string}"},"query-input":{"@type":"PropertyValueSpecification","valueRequired":true,"valueName":"search_term_string"}}],"inLanguage":"es-ES"},{"@type":"Organization","@id":"https:\/\/www.mexcaltruckline.com\/#organization","name":"Mex-Cal Truckline Transportes","url":"https:\/\/www.mexcaltruckline.com\/","logo":{"@type":"ImageObject","inLanguage":"es-ES","@id":"https:\/\/www.mexcaltruckline.com\/#\/schema\/logo\/image\/","url":"https:\/\/www.mexcaltruckline.com\/wp-content\/uploads\/2023\/07\/logo_mex-cal.svg","contentUrl":"https:\/\/www.mexcaltruckline.com\/wp-content\/uploads\/2023\/07\/logo_mex-cal.svg","width":"1024","height":"1024","caption":"Mex-Cal Truckline Transportes"},"image":{"@id":"https:\/\/www.mexcaltruckline.com\/#\/schema\/logo\/image\/"},"sameAs":["https:\/\/www.facebook.com\/mexcaltrucklineusa\/","https:\/\/www.instagram.com\/mexcaltruckline\/","https:\/\/www.indeed.com\/cmp\/Mex--cal-Truckline"]}]}},"_links":{"self":[{"href":"https:\/\/www.mexcaltruckline.com\/es\/wp-json\/wp\/v2\/pages\/1383","targetHints":{"allow":["GET"]}}],"collection":[{"href":"https:\/\/www.mexcaltruckline.com\/es\/wp-json\/wp\/v2\/pages"}],"about":[{"href":"https:\/\/www.mexcaltruckline.com\/es\/wp-json\/wp\/v2\/types\/page"}],"author":[{"embeddable":true,"href":"https:\/\/www.mexcaltruckline.com\/es\/wp-json\/wp\/v2\/users\/1"}],"replies":[{"embeddable":true,"href":"https:\/\/www.mexcaltruckline.com\/es\/wp-json\/wp\/v2\/comments?post=1383"}],"version-history":[{"count":95,"href":"https:\/\/www.mexcaltruckline.com\/es\/wp-json\/wp\/v2\/pages\/1383\/revisions"}],"predecessor-version":[{"id":4838,"href":"https:\/\/www.mexcaltruckline.com\/es\/wp-json\/wp\/v2\/pages\/1383\/revisions\/4838"}],"up":[{"embeddable":true,"href":"https:\/\/www.mexcaltruckline.com\/es\/wp-json\/wp\/v2\/pages\/1911"}],"wp:featuredmedia":[{"embeddable":true,"href":"https:\/\/www.mexcaltruckline.com\/es\/wp-json\/wp\/v2\/media\/4794"}],"wp:attachment":[{"href":"https:\/\/www.mexcaltruckline.com\/es\/wp-json\/wp\/v2\/media?parent=1383"}],"curies":[{"name":"wp","href":"https:\/\/api.w.org\/{rel}","templated":true}]}}