{"id":1541,"date":"2024-03-30T17:28:39","date_gmt":"2024-03-30T17:28:39","guid":{"rendered":"https:\/\/www.mexcaltruckline.com\/soluciones-de-envio-de-productos-electronicos\/"},"modified":"2025-03-04T23:02:15","modified_gmt":"2025-03-04T23:02:15","slug":"soluciones-de-envio-de-productos-electronicos","status":"publish","type":"page","link":"https:\/\/www.mexcaltruckline.com\/es\/industrias\/soluciones-de-envio-de-productos-electronicos\/","title":{"rendered":"Soluciones de env\u00edo de productos electr\u00f3nicos"},"content":{"rendered":"<div class=\"wpb-content-wrapper\"><p>[vc_section el_id=&#8221;electronics-shipping-solutions-section_0&#8243; el_class=&#8221;bg-size-cover bg-no-repeat bg-center bg-secondary&#8221; css=&#8221;.vc_custom_1711821136795{background-image: url(https:\/\/www.mexcaltruckline.com\/wp-content\/uploads\/2024\/03\/electronics-shipping-solutions-section_0-header-img_1.png?id=1558) !important;}&#8221;][vc_row][vc_column][vc_empty_space height=&#8221;100px&#8221;][vc_row_inner el_class=&#8221;row no-padding-vc&#8221;][vc_column_inner][vc_column_text el_class=&#8221;text-center&#8221;]<\/p>\n<h1 class=\"page-heading no-margin-bottom\">Soluciones de env\u00edo de productos electr\u00f3nicos<\/h1>\n<p>[\/vc_column_text][\/vc_column_inner][\/vc_row_inner][vc_empty_space height=&#8221;160px&#8221;][\/vc_column][\/vc_row][\/vc_section][vc_section el_id=&#8221;electronics-shipping-solutions-section_1&#8243; css=&#8221;.vc_custom_1711990688890{background-image: url(https:\/\/www.mexcaltruckline.com\/wp-content\/uploads\/2024\/04\/electronics-shipping-solutions-section_1-bg-img_1.png?id=1717) !important;background-position: center !important;background-repeat: no-repeat !important;background-size: cover !important;}&#8221; el_class=&#8221;bg-size-cover bg-no-repeat bg-center hide-bg&#8221;][vc_row][vc_column][vc_empty_space height=&#8221;90px&#8221; el_class=&#8221;show-for-large&#8221;][vc_row_inner el_class=&#8221;row no-padding-vc&#8221;][vc_column_inner el_class=&#8221;columns small-12 large-6 large-order-0 small-order-1&#8243; width=&#8221;1\/2&#8243;][vc_column_text el_class=&#8221;text-center large-text-left&#8221;]<\/p>\n<h2 class=\"h1 font-weight-bold margin-bottom-2point5rem alt-primary\">Soluciones integrales de distribuci\u00f3n y entrega de productos electr\u00f3nicos<\/h2>\n<p class=\"no-margin-bottom remove-br\">En los \u00faltimos a\u00f1os, la escasez de materiales y las interrupciones de la cadena de suministro han dificultado el transporte eficaz de productos electr\u00f3nicos. En Mex-Cal, sin embargo, tenemos m\u00e1s de 40 a\u00f1os de experiencia en la creaci\u00f3n de soluciones de cumplimiento y distribuci\u00f3n de productos electr\u00f3nicos sin problemas, eficientes y oportunas, sin importar los obst\u00e1culos que surjan.<\/p>\n<p>[\/vc_column_text][\/vc_column_inner][vc_column_inner el_class=&#8221;columns small-12 large-6 large-order-1 small-order-0&#8243; width=&#8221;1\/2&#8243;][vc_column_text el_class=&#8221;text-center hide-for-large&#8221;]<img loading=\"lazy\" decoding=\"async\" class=\"alignnone size-full wp-image-4809\" src=\"https:\/\/www.mexcaltruckline.com\/wp-content\/uploads\/2024\/10\/electronics-shipping-solutions-section_1-img_1-png-1413%C3%97947-10-10-2024_04_10_PM-min.png\" alt=\"Log\u00edstica electr\u00f3nica\" width=\"1405\" height=\"934\">[\/vc_column_text][vc_empty_space height=&#8221;45px&#8221; el_class=&#8221;hide-for-large&#8221;][\/vc_column_inner][\/vc_row_inner][vc_empty_space height=&#8221;90px&#8221; el_class=&#8221;show-for-large&#8221;][vc_empty_space height=&#8221;45px&#8221; el_class=&#8221;hide-for-large&#8221;][\/vc_column][\/vc_row][\/vc_section][vc_section el_id=&#8221;electronics-shipping-solutions-section_2&#8243; el_class=&#8221;bg-gradient&#8221;][vc_row][vc_column][vc_empty_space height=&#8221;90px&#8221; el_class=&#8221;show-for-large&#8221;][vc_empty_space height=&#8221;45px&#8221; el_class=&#8221;hide-for-large&#8221;][vc_row_inner el_class=&#8221;row no-padding-vc&#8221;][vc_column_inner][vc_column_text css=&#8221;&#8221; el_class=&#8221;text-center&#8221;]<\/p>\n<h2 class=\"h1 font-weight-bold margin-bottom-2point5rem alt-white\">Empresa de transporte de electr\u00f3nica de consumo<\/h2>\n<p class=\"no-margin-bottom remove-br alt-white\">Establezca una asociaci\u00f3n duradera con un equipo flexible y adaptable, caracterizado por su profesionalidad y experiencia en el sector. Nuestros completos servicios de apoyo eliminan las preocupaciones log\u00edsticas, facilitando el acceso a todos los servicios que necesita.<\/p>\n<p>[\/vc_column_text][vc_empty_space height=&#8221;90px&#8221; el_class=&#8221;show-for-large&#8221;][vc_empty_space height=&#8221;45px&#8221; el_class=&#8221;hide-for-large&#8221;][\/vc_column_inner][\/vc_row_inner][vc_row_inner el_class=&#8221;row no-padding-vc&#8221;][vc_column_inner width=&#8221;1\/2&#8243;][vc_column_text el_class=&#8221;text-center large-text-left extra-large-padding-right-for-large&#8221;]<\/p>\n<div class=\"row \">\n<div class=\"columns large-2 large-offset-1 small-12 margin-bottom-1rem\"><img decoding=\"async\" class=\"alignnone size-full wp-image-1549\" src=\"\/wp-content\/uploads\/2024\/03\/laptop-logo.svg\" alt=\"\"><\/div>\n<div class=\"columns large-9 small-12\">\n<h4 class=\"font-color-white margin-bottom-1rem\">Experiencia en distribuci\u00f3n y distribuci\u00f3n de productos electr\u00f3nicos<\/h4>\n<p class=\"font-color-white big\">Con a\u00f1os de experiencia en el campo de la distribuci\u00f3n de productos electr\u00f3nicos, hemos desarrollado un profundo conocimiento de los entresijos del sector. Desde componentes delicados hasta artilugios de alta tecnolog\u00eda, sabemos c\u00f3mo manipular la electr\u00f3nica con cuidado y precisi\u00f3n<br \/>\n, garantizando una entrega segura y puntual a tus clientes.<\/p>\n<\/div>\n<\/div>\n<div class=\"\" style=\"height: 45px;\"><\/div>\n<div class=\"row \">\n<div class=\"columns large-2 large-offset-1 small-12 margin-bottom-1rem\"><img decoding=\"async\" class=\"alignnone size-full wp-image-1551\" src=\"\/wp-content\/uploads\/2024\/03\/puzzle-logo.svg\" alt=\"\"><\/div>\n<div class=\"columns large-9 small-12\">\n<h4 class=\"font-color-white margin-bottom-1rem\">Env\u00edo de gadgets tecnol\u00f3gicos personalizados<\/h4>\n<p class=\"font-color-white big\">Sus servicios de cumplimiento y distribuci\u00f3n de productos electr\u00f3nicos no se parecen a ning\u00fan otro. Perm\u00edtanos utilizar nuestras soluciones de vanguardia y nuestra amplia experiencia para dise\u00f1ar soluciones que respondan a sus necesidades espec\u00edficas.<\/p>\n<\/div>\n<\/div>\n<p>[\/vc_column_text][vc_empty_space height=&#8221;45px&#8221; el_class=&#8221;hide-for-large&#8221;][\/vc_column_inner][vc_column_inner width=&#8221;1\/2&#8243;][vc_column_text el_class=&#8221;text-center large-text-left extra-large-padding-right-for-large&#8221;]<\/p>\n<div class=\"row \">\n<div class=\"columns large-2 large-offset-1 small-12 margin-bottom-1rem\"><img decoding=\"async\" class=\"alignnone size-full wp-image-1442\" src=\"\/wp-content\/uploads\/2024\/03\/starred.svg\" alt=\"\"><\/div>\n<div class=\"columns large-9 small-12\">\n<h4 class=\"font-color-white margin-bottom-1rem\">Distribuci\u00f3n de electr\u00f3nica de consumo todo en uno<\/h4>\n<p class=\"font-color-white big\">Desde alquileres de espacio en patio que cumplen la normativa C-TPAT hasta servicios puerta a puerta, ofrecemos todo lo que necesita para gestionar la distribuci\u00f3n de sus productos electr\u00f3nicos. No divida su tiempo ni su dinero: perm\u00edtanos simplificar y agilizar todo el proceso.<\/p>\n<\/div>\n<\/div>\n<div class=\"\" style=\"height: 45px;\"><\/div>\n<div class=\"row \">\n<div class=\"columns large-2 large-offset-1 small-12 margin-bottom-1rem\"><a href=\"https:\/\/www.mexcaltruckline.com\/es\/servicios\/transportistas-aduaneros\/\"><img decoding=\"async\" class=\"alignnone size-full wp-image-1444\" src=\"\/wp-content\/uploads\/2024\/03\/boxes.svg\" alt=\"\"><\/a><\/div>\n<div class=\"columns large-9 small-12\">\n<h4 class=\"font-color-white margin-bottom-1rem\">Servicios de enlace<\/h4>\n<p class=\"font-color-white big\">Ilumine su log\u00edstica energ\u00e9tica y de servicios p\u00fablicos con nuestros servicios de fianzas. Navegue por las complejidades de los env\u00edos internacionales con facilidad, garantizando que sus equipos y materiales se mueven de forma segura y eficiente, sin aranceles por adelantado. Impulse su alcance mundial a trav\u00e9s de las aduanas.<\/p>\n<\/div>\n<\/div>\n<p>[\/vc_column_text][\/vc_column_inner][\/vc_row_inner][vc_empty_space height=&#8221;90px&#8221; el_class=&#8221;show-for-large&#8221;][vc_empty_space height=&#8221;45px&#8221; el_class=&#8221;hide-for-large&#8221;][\/vc_column][\/vc_row][\/vc_section][vc_section el_id=&#8221;electronics-shipping-solutions-section_3&#8243; el_class=&#8221;bg-size-cover bg-no-repeat bg-center hide-bg&#8221; css=&#8221;.vc_custom_1711820913690{background-image: url(https:\/\/www.mexcaltruckline.com\/wp-content\/uploads\/2024\/03\/electronics-shipping-solutions-section_3-bg-img_1.png?id=1553) !important;}&#8221;][vc_row][vc_column][vc_empty_space height=&#8221;90px&#8221; el_class=&#8221;show-for-large&#8221;][vc_row_inner el_class=&#8221;row no-padding-vc hide-for-large&#8221;][vc_column_inner width=&#8221;1\/2&#8243;][vc_column_text el_class=&#8221;text-center hide-for-large&#8221;]<img loading=\"lazy\" decoding=\"async\" class=\"alignnone size-full wp-image-1722\" src=\"\/wp-content\/uploads\/2024\/04\/electronics-shipping-solutions-section_3-img_1.png\" alt=\"\" width=\"946\" height=\"696\" srcset=\"https:\/\/www.mexcaltruckline.com\/wp-content\/uploads\/2024\/04\/electronics-shipping-solutions-section_3-img_1.png 946w, https:\/\/www.mexcaltruckline.com\/wp-content\/uploads\/2024\/04\/electronics-shipping-solutions-section_3-img_1-300x221.png 300w, https:\/\/www.mexcaltruckline.com\/wp-content\/uploads\/2024\/04\/electronics-shipping-solutions-section_3-img_1-768x565.png 768w\" sizes=\"auto, (max-width: 946px) 100vw, 946px\" \/>[\/vc_column_text][\/vc_column_inner][vc_column_inner width=&#8221;1\/2&#8243;][\/vc_column_inner][\/vc_row_inner][vc_empty_space height=&#8221;24px&#8221; el_class=&#8221;hide-for-large&#8221;][vc_row_inner el_class=&#8221;row no-padding-vc&#8221;][vc_column_inner width=&#8221;1\/2&#8243;][\/vc_column_inner][vc_column_inner width=&#8221;1\/2&#8243;][vc_column_text el_class=&#8221;text-center large-text-left extra-big-padding-left-for-large&#8221;]<\/p>\n<h2 class=\"h1 font-color-primary remove-br margin-bottom-2rem\">Amplia flota<\/h2>\n<p class=\" margin-bottom-1point5rem big\">Nuestra flota incluye una diversa gama de m\u00e1s de 200 veh\u00edculos como remolques, plataformas, chasis y m\u00e1s. Cada veh\u00edculo es un modelo nuevo y se somete a un mantenimiento peri\u00f3dico para garantizar un rendimiento y una fiabilidad \u00f3ptimos. Con la plena propiedad de todos nuestros veh\u00edculos<br \/>\ny nuestro propio taller mec\u00e1nico especializado, podemos ofrecer opciones de transporte adicionales cuando sea necesario, realizar reparaciones directamente en nuestro astillero y proporcionar camiones de reserva en caso de que las reparaciones requieran m\u00e1s tiempo. Esto nos permite mantener operaciones ininterrumpidas y ofrecer el m\u00e1ximo nivel de servicio a nuestros valiosos clientes.<\/p>\n<p>[\/vc_column_text][\/vc_column_inner][\/vc_row_inner][vc_empty_space height=&#8221;90px&#8221; el_class=&#8221;show-for-large&#8221;][vc_empty_space height=&#8221;45px&#8221; el_class=&#8221;hide-for-large&#8221;][\/vc_column][\/vc_row][\/vc_section]<\/p>\n<\/div>","protected":false},"excerpt":{"rendered":"<p>[vc_section el_id=&#8221;electronics-shipping-solutions-section_0&#8243; el_class=&#8221;bg-size-cover bg-no-repeat bg-center bg-secondary&#8221; css=&#8221;.vc_custom_1711821136795{background-image: url(https:\/\/www.mexcaltruckline.com\/wp-content\/uploads\/2024\/03\/electronics-shipping-solutions-section_0-header-img_1.png?id=1558) !important;}&#8221;][vc_row][vc_column][vc_empty_space height=&#8221;100px&#8221;][vc_row_inner el_class=&#8221;row no-padding-vc&#8221;][vc_column_inner][vc_column_text el_class=&#8221;text-center&#8221;] Soluciones de env\u00edo de productos electr\u00f3nicos [\/vc_column_text][\/vc_column_inner][\/vc_row_inner][vc_empty_space height=&#8221;160px&#8221;][\/vc_column][\/vc_row][\/vc_section][vc_section el_id=&#8221;electronics-shipping-solutions-section_1&#8243; css=&#8221;.vc_custom_1711990688890{background-image: url(https:\/\/www.mexcaltruckline.com\/wp-content\/uploads\/2024\/04\/electronics-shipping-solutions-section_1-bg-img_1.png?id=1717) !important;background-position: center !important;background-repeat: no-repeat !important;background-size: cover !important;}&#8221; el_class=&#8221;bg-size-cover bg-no-repeat bg-center hide-bg&#8221;][vc_row][vc_column][vc_empty_space height=&#8221;90px&#8221; el_class=&#8221;show-for-large&#8221;][vc_row_inner el_class=&#8221;row no-padding-vc&#8221;][vc_column_inner el_class=&#8221;columns small-12 large-6 large-order-0 small-order-1&#8243; width=&#8221;1\/2&#8243;][vc_column_text el_class=&#8221;text-center large-text-left&#8221;] Soluciones integrales de distribuci\u00f3n y entrega de productos<a class=\"excerpt-read-more\" href=\"https:\/\/www.mexcaltruckline.com\/es\/industrias\/soluciones-de-envio-de-productos-electronicos\/\" title=\"ReadSoluciones de env\u00edo de productos electr\u00f3nicos\">&#8230; Read more &raquo;<\/a><\/p>\n","protected":false},"author":1,"featured_media":4810,"parent":1911,"menu_order":0,"comment_status":"closed","ping_status":"closed","template":"template-visual-builder.php","meta":{"inline_featured_image":false,"footnotes":""},"class_list":["post-1541","page","type-page","status-publish","has-post-thumbnail","hentry"],"yoast_head":"<!-- This site is optimized with the Yoast SEO plugin v26.9 - https:\/\/yoast.com\/product\/yoast-seo-wordpress\/ -->\n<title>Soluciones de env\u00edo de productos electr\u00f3nicos | MexCal Truckline<\/title>\n<meta name=\"description\" content=\"MexCal Truckline: Experto en cumplimiento y distribuci\u00f3n de productos electr\u00f3nicos sin fisuras y eficientes, adapt\u00e1ndose a los retos con m\u00e1s de 40 a\u00f1os de experiencia.\" \/>\n<meta name=\"robots\" content=\"index, follow, max-snippet:-1, max-image-preview:large, max-video-preview:-1\" \/>\n<link rel=\"canonical\" href=\"https:\/\/www.mexcaltruckline.com\/es\/industrias\/soluciones-de-envio-de-productos-electronicos\/\" \/>\n<meta property=\"og:locale\" content=\"es_ES\" \/>\n<meta property=\"og:type\" content=\"article\" \/>\n<meta property=\"og:title\" content=\"Soluciones de env\u00edo de productos electr\u00f3nicos | MexCal Truckline\" \/>\n<meta property=\"og:description\" content=\"MexCal Truckline: Experto en cumplimiento y distribuci\u00f3n de productos electr\u00f3nicos sin fisuras y eficientes, adapt\u00e1ndose a los retos con m\u00e1s de 40 a\u00f1os de experiencia.\" \/>\n<meta property=\"og:url\" content=\"https:\/\/www.mexcaltruckline.com\/es\/industrias\/soluciones-de-envio-de-productos-electronicos\/\" \/>\n<meta property=\"og:site_name\" content=\"MexCal Truckline - San Diego-Tijuana Trucking Company\" \/>\n<meta property=\"article:publisher\" content=\"https:\/\/www.facebook.com\/mexcaltrucklineusa\/\" \/>\n<meta property=\"article:modified_time\" content=\"2025-03-04T23:02:15+00:00\" \/>\n<meta property=\"og:image\" content=\"https:\/\/www.mexcaltruckline.com\/wp-content\/uploads\/2024\/10\/electronics-shipping-solutions-section_1-img_1-png-1413\u00d7947-10-10-2024_04_10_PM-min.png\" \/>\n\t<meta property=\"og:image:width\" content=\"1405\" \/>\n\t<meta property=\"og:image:height\" content=\"934\" \/>\n\t<meta property=\"og:image:type\" content=\"image\/png\" \/>\n<meta name=\"twitter:card\" content=\"summary_large_image\" \/>\n<meta name=\"twitter:label1\" content=\"Est. reading time\" \/>\n\t<meta name=\"twitter:data1\" content=\"5 minutes\" \/>\n<script type=\"application\/ld+json\" class=\"yoast-schema-graph\">{\"@context\":\"https:\/\/schema.org\",\"@graph\":[{\"@type\":\"WebPage\",\"@id\":\"https:\/\/www.mexcaltruckline.com\/es\/industrias\/soluciones-de-envio-de-productos-electronicos\/\",\"url\":\"https:\/\/www.mexcaltruckline.com\/es\/industrias\/soluciones-de-envio-de-productos-electronicos\/\",\"name\":\"Soluciones de env\u00edo de productos electr\u00f3nicos | MexCal Truckline\",\"isPartOf\":{\"@id\":\"https:\/\/www.mexcaltruckline.com\/#website\"},\"primaryImageOfPage\":{\"@id\":\"https:\/\/www.mexcaltruckline.com\/es\/industrias\/soluciones-de-envio-de-productos-electronicos\/#primaryimage\"},\"image\":{\"@id\":\"https:\/\/www.mexcaltruckline.com\/es\/industrias\/soluciones-de-envio-de-productos-electronicos\/#primaryimage\"},\"thumbnailUrl\":\"https:\/\/www.mexcaltruckline.com\/wp-content\/uploads\/2024\/10\/electronics-shipping-solutions-section_1-img_1-png-1413\u00d7947-10-10-2024_04_10_PM-min.png\",\"datePublished\":\"2024-03-30T17:28:39+00:00\",\"dateModified\":\"2025-03-04T23:02:15+00:00\",\"description\":\"MexCal Truckline: Experto en cumplimiento y distribuci\u00f3n de productos electr\u00f3nicos sin fisuras y eficientes, adapt\u00e1ndose a los retos con m\u00e1s de 40 a\u00f1os de experiencia.\",\"breadcrumb\":{\"@id\":\"https:\/\/www.mexcaltruckline.com\/es\/industrias\/soluciones-de-envio-de-productos-electronicos\/#breadcrumb\"},\"inLanguage\":\"es-ES\",\"potentialAction\":[{\"@type\":\"ReadAction\",\"target\":[\"https:\/\/www.mexcaltruckline.com\/es\/industrias\/soluciones-de-envio-de-productos-electronicos\/\"]}]},{\"@type\":\"ImageObject\",\"inLanguage\":\"es-ES\",\"@id\":\"https:\/\/www.mexcaltruckline.com\/es\/industrias\/soluciones-de-envio-de-productos-electronicos\/#primaryimage\",\"url\":\"https:\/\/www.mexcaltruckline.com\/wp-content\/uploads\/2024\/10\/electronics-shipping-solutions-section_1-img_1-png-1413\u00d7947-10-10-2024_04_10_PM-min.png\",\"contentUrl\":\"https:\/\/www.mexcaltruckline.com\/wp-content\/uploads\/2024\/10\/electronics-shipping-solutions-section_1-img_1-png-1413\u00d7947-10-10-2024_04_10_PM-min.png\",\"width\":1405,\"height\":934,\"caption\":\"Electronic logistics\"},{\"@type\":\"BreadcrumbList\",\"@id\":\"https:\/\/www.mexcaltruckline.com\/es\/industrias\/soluciones-de-envio-de-productos-electronicos\/#breadcrumb\",\"itemListElement\":[{\"@type\":\"ListItem\",\"position\":1,\"name\":\"Home\",\"item\":\"https:\/\/www.mexcaltruckline.com\/es\/\"},{\"@type\":\"ListItem\",\"position\":2,\"name\":\"Industrias\",\"item\":\"https:\/\/www.mexcaltruckline.com\/es\/industrias\/\"},{\"@type\":\"ListItem\",\"position\":3,\"name\":\"Soluciones de env\u00edo de productos electr\u00f3nicos\"}]},{\"@type\":\"WebSite\",\"@id\":\"https:\/\/www.mexcaltruckline.com\/#website\",\"url\":\"https:\/\/www.mexcaltruckline.com\/\",\"name\":\"MexCal Truckline | Mexico-San Diego Trucking Company\",\"description\":\"On Time, Every Time.\",\"publisher\":{\"@id\":\"https:\/\/www.mexcaltruckline.com\/#organization\"},\"alternateName\":\"Mexcal Truckline\",\"potentialAction\":[{\"@type\":\"SearchAction\",\"target\":{\"@type\":\"EntryPoint\",\"urlTemplate\":\"https:\/\/www.mexcaltruckline.com\/?s={search_term_string}\"},\"query-input\":{\"@type\":\"PropertyValueSpecification\",\"valueRequired\":true,\"valueName\":\"search_term_string\"}}],\"inLanguage\":\"es-ES\"},{\"@type\":\"Organization\",\"@id\":\"https:\/\/www.mexcaltruckline.com\/#organization\",\"name\":\"Mex-Cal Truckline Transportes\",\"url\":\"https:\/\/www.mexcaltruckline.com\/\",\"logo\":{\"@type\":\"ImageObject\",\"inLanguage\":\"es-ES\",\"@id\":\"https:\/\/www.mexcaltruckline.com\/#\/schema\/logo\/image\/\",\"url\":\"https:\/\/www.mexcaltruckline.com\/wp-content\/uploads\/2023\/07\/logo_mex-cal.svg\",\"contentUrl\":\"https:\/\/www.mexcaltruckline.com\/wp-content\/uploads\/2023\/07\/logo_mex-cal.svg\",\"width\":\"1024\",\"height\":\"1024\",\"caption\":\"Mex-Cal Truckline Transportes\"},\"image\":{\"@id\":\"https:\/\/www.mexcaltruckline.com\/#\/schema\/logo\/image\/\"},\"sameAs\":[\"https:\/\/www.facebook.com\/mexcaltrucklineusa\/\",\"https:\/\/www.instagram.com\/mexcaltruckline\/\",\"https:\/\/www.indeed.com\/cmp\/Mex--cal-Truckline\"]}]}<\/script>\n<!-- \/ Yoast SEO plugin. -->","yoast_head_json":{"title":"Soluciones de env\u00edo de productos electr\u00f3nicos | MexCal Truckline","description":"MexCal Truckline: Experto en cumplimiento y distribuci\u00f3n de productos electr\u00f3nicos sin fisuras y eficientes, adapt\u00e1ndose a los retos con m\u00e1s de 40 a\u00f1os de experiencia.","robots":{"index":"index","follow":"follow","max-snippet":"max-snippet:-1","max-image-preview":"max-image-preview:large","max-video-preview":"max-video-preview:-1"},"canonical":"https:\/\/www.mexcaltruckline.com\/es\/industrias\/soluciones-de-envio-de-productos-electronicos\/","og_locale":"es_ES","og_type":"article","og_title":"Soluciones de env\u00edo de productos electr\u00f3nicos | MexCal Truckline","og_description":"MexCal Truckline: Experto en cumplimiento y distribuci\u00f3n de productos electr\u00f3nicos sin fisuras y eficientes, adapt\u00e1ndose a los retos con m\u00e1s de 40 a\u00f1os de experiencia.","og_url":"https:\/\/www.mexcaltruckline.com\/es\/industrias\/soluciones-de-envio-de-productos-electronicos\/","og_site_name":"MexCal Truckline - San Diego-Tijuana Trucking Company","article_publisher":"https:\/\/www.facebook.com\/mexcaltrucklineusa\/","article_modified_time":"2025-03-04T23:02:15+00:00","og_image":[{"width":1405,"height":934,"url":"https:\/\/www.mexcaltruckline.com\/wp-content\/uploads\/2024\/10\/electronics-shipping-solutions-section_1-img_1-png-1413\u00d7947-10-10-2024_04_10_PM-min.png","type":"image\/png"}],"twitter_card":"summary_large_image","twitter_misc":{"Est. reading time":"5 minutes"},"schema":{"@context":"https:\/\/schema.org","@graph":[{"@type":"WebPage","@id":"https:\/\/www.mexcaltruckline.com\/es\/industrias\/soluciones-de-envio-de-productos-electronicos\/","url":"https:\/\/www.mexcaltruckline.com\/es\/industrias\/soluciones-de-envio-de-productos-electronicos\/","name":"Soluciones de env\u00edo de productos electr\u00f3nicos | MexCal Truckline","isPartOf":{"@id":"https:\/\/www.mexcaltruckline.com\/#website"},"primaryImageOfPage":{"@id":"https:\/\/www.mexcaltruckline.com\/es\/industrias\/soluciones-de-envio-de-productos-electronicos\/#primaryimage"},"image":{"@id":"https:\/\/www.mexcaltruckline.com\/es\/industrias\/soluciones-de-envio-de-productos-electronicos\/#primaryimage"},"thumbnailUrl":"https:\/\/www.mexcaltruckline.com\/wp-content\/uploads\/2024\/10\/electronics-shipping-solutions-section_1-img_1-png-1413\u00d7947-10-10-2024_04_10_PM-min.png","datePublished":"2024-03-30T17:28:39+00:00","dateModified":"2025-03-04T23:02:15+00:00","description":"MexCal Truckline: Experto en cumplimiento y distribuci\u00f3n de productos electr\u00f3nicos sin fisuras y eficientes, adapt\u00e1ndose a los retos con m\u00e1s de 40 a\u00f1os de experiencia.","breadcrumb":{"@id":"https:\/\/www.mexcaltruckline.com\/es\/industrias\/soluciones-de-envio-de-productos-electronicos\/#breadcrumb"},"inLanguage":"es-ES","potentialAction":[{"@type":"ReadAction","target":["https:\/\/www.mexcaltruckline.com\/es\/industrias\/soluciones-de-envio-de-productos-electronicos\/"]}]},{"@type":"ImageObject","inLanguage":"es-ES","@id":"https:\/\/www.mexcaltruckline.com\/es\/industrias\/soluciones-de-envio-de-productos-electronicos\/#primaryimage","url":"https:\/\/www.mexcaltruckline.com\/wp-content\/uploads\/2024\/10\/electronics-shipping-solutions-section_1-img_1-png-1413\u00d7947-10-10-2024_04_10_PM-min.png","contentUrl":"https:\/\/www.mexcaltruckline.com\/wp-content\/uploads\/2024\/10\/electronics-shipping-solutions-section_1-img_1-png-1413\u00d7947-10-10-2024_04_10_PM-min.png","width":1405,"height":934,"caption":"Electronic logistics"},{"@type":"BreadcrumbList","@id":"https:\/\/www.mexcaltruckline.com\/es\/industrias\/soluciones-de-envio-de-productos-electronicos\/#breadcrumb","itemListElement":[{"@type":"ListItem","position":1,"name":"Home","item":"https:\/\/www.mexcaltruckline.com\/es\/"},{"@type":"ListItem","position":2,"name":"Industrias","item":"https:\/\/www.mexcaltruckline.com\/es\/industrias\/"},{"@type":"ListItem","position":3,"name":"Soluciones de env\u00edo de productos electr\u00f3nicos"}]},{"@type":"WebSite","@id":"https:\/\/www.mexcaltruckline.com\/#website","url":"https:\/\/www.mexcaltruckline.com\/","name":"MexCal Truckline | Mexico-San Diego Trucking Company","description":"On Time, Every Time.","publisher":{"@id":"https:\/\/www.mexcaltruckline.com\/#organization"},"alternateName":"Mexcal Truckline","potentialAction":[{"@type":"SearchAction","target":{"@type":"EntryPoint","urlTemplate":"https:\/\/www.mexcaltruckline.com\/?s={search_term_string}"},"query-input":{"@type":"PropertyValueSpecification","valueRequired":true,"valueName":"search_term_string"}}],"inLanguage":"es-ES"},{"@type":"Organization","@id":"https:\/\/www.mexcaltruckline.com\/#organization","name":"Mex-Cal Truckline Transportes","url":"https:\/\/www.mexcaltruckline.com\/","logo":{"@type":"ImageObject","inLanguage":"es-ES","@id":"https:\/\/www.mexcaltruckline.com\/#\/schema\/logo\/image\/","url":"https:\/\/www.mexcaltruckline.com\/wp-content\/uploads\/2023\/07\/logo_mex-cal.svg","contentUrl":"https:\/\/www.mexcaltruckline.com\/wp-content\/uploads\/2023\/07\/logo_mex-cal.svg","width":"1024","height":"1024","caption":"Mex-Cal Truckline Transportes"},"image":{"@id":"https:\/\/www.mexcaltruckline.com\/#\/schema\/logo\/image\/"},"sameAs":["https:\/\/www.facebook.com\/mexcaltrucklineusa\/","https:\/\/www.instagram.com\/mexcaltruckline\/","https:\/\/www.indeed.com\/cmp\/Mex--cal-Truckline"]}]}},"_links":{"self":[{"href":"https:\/\/www.mexcaltruckline.com\/es\/wp-json\/wp\/v2\/pages\/1541","targetHints":{"allow":["GET"]}}],"collection":[{"href":"https:\/\/www.mexcaltruckline.com\/es\/wp-json\/wp\/v2\/pages"}],"about":[{"href":"https:\/\/www.mexcaltruckline.com\/es\/wp-json\/wp\/v2\/types\/page"}],"author":[{"embeddable":true,"href":"https:\/\/www.mexcaltruckline.com\/es\/wp-json\/wp\/v2\/users\/1"}],"replies":[{"embeddable":true,"href":"https:\/\/www.mexcaltruckline.com\/es\/wp-json\/wp\/v2\/comments?post=1541"}],"version-history":[{"count":37,"href":"https:\/\/www.mexcaltruckline.com\/es\/wp-json\/wp\/v2\/pages\/1541\/revisions"}],"predecessor-version":[{"id":19573,"href":"https:\/\/www.mexcaltruckline.com\/es\/wp-json\/wp\/v2\/pages\/1541\/revisions\/19573"}],"up":[{"embeddable":true,"href":"https:\/\/www.mexcaltruckline.com\/es\/wp-json\/wp\/v2\/pages\/1911"}],"wp:featuredmedia":[{"embeddable":true,"href":"https:\/\/www.mexcaltruckline.com\/es\/wp-json\/wp\/v2\/media\/4810"}],"wp:attachment":[{"href":"https:\/\/www.mexcaltruckline.com\/es\/wp-json\/wp\/v2\/media?parent=1541"}],"curies":[{"name":"wp","href":"https:\/\/api.w.org\/{rel}","templated":true}]}}