{"id":1567,"date":"2024-03-30T17:58:56","date_gmt":"2024-03-30T17:58:56","guid":{"rendered":"https:\/\/www.mexcaltruckline.com\/servicios-publicos-infraestructuras-transporte\/"},"modified":"2024-10-10T22:28:53","modified_gmt":"2024-10-10T22:28:53","slug":"servicios-publicos-infraestructuras-transporte","status":"publish","type":"page","link":"https:\/\/www.mexcaltruckline.com\/es\/industrias\/servicios-publicos-infraestructuras-transporte\/","title":{"rendered":"Transporte de servicios p\u00fablicos e infraestructuras"},"content":{"rendered":"<div class=\"wpb-content-wrapper\"><p>[vc_section el_id=&#8221;utilities-infrastructure-transportation-section_0&#8243; el_class=&#8221;bg-size-cover bg-no-repeat bg-center bg-secondary&#8221; css=&#8221;.vc_custom_1711821474882{background-image: url(https:\/\/www.mexcaltruckline.com\/wp-content\/uploads\/2024\/03\/electronics-shipping-solutions-section_0-header-img_1.png?id=1558) !important;}&#8221;][vc_row][vc_column][vc_empty_space height=&#8221;100px&#8221;][vc_row_inner el_class=&#8221;row no-padding-vc&#8221;][vc_column_inner][vc_column_text el_class=&#8221;text-center&#8221;]<\/p>\n<h1 class=\"page-heading no-margin-bottom\">Transporte de servicios p\u00fablicos e infraestructuras<\/h1>\n<p>[\/vc_column_text][\/vc_column_inner][\/vc_row_inner][vc_empty_space height=&#8221;160px&#8221;][\/vc_column][\/vc_row][\/vc_section][vc_section el_id=&#8221;utilities-infrastructure-transportation-section_1&#8243; css=&#8221;.vc_custom_1711990111030{background-image: url(https:\/\/www.mexcaltruckline.com\/wp-content\/uploads\/2024\/04\/utilities-infrastructure-transportation-section_1-bg-img_1.png?id=1707) !important;background-position: center !important;background-repeat: no-repeat !important;background-size: cover !important;}&#8221; el_class=&#8221;hide-bg bg-size-cover bg-no-repeat bg-center&#8221;][vc_row][vc_column][vc_empty_space height=&#8221;90px&#8221; el_class=&#8221;show-for-large&#8221;][vc_row_inner el_class=&#8221;row no-padding-vc&#8221;][vc_column_inner el_class=&#8221;columns small-12 large-6 large-order-0 small-order-1&#8243; width=&#8221;1\/2&#8243;][vc_column_text el_class=&#8221;text-center large-text-left&#8221;]<\/p>\n<h2 class=\"h1 font-weight-bold margin-bottom-2point5rem alt-primary\">Soluciones log\u00edsticas fiables para energ\u00eda y servicios p\u00fablicos<\/h2>\n<p class=\"no-margin-bottom remove-br\">Como columna vertebral de las infraestructuras modernas, las empresas energ\u00e9ticas y de servicios p\u00fablicos dependen de una log\u00edstica eficiente para mantener el buen funcionamiento de sus operaciones. Con nuestros m\u00e1s de 40 a\u00f1os de experiencia y soluciones a medida, estamos aqu\u00ed para proporcionar un apoyo integral a las necesidades log\u00edsticas de energ\u00eda y servicios p\u00fablicos.<\/p>\n<p>[\/vc_column_text][\/vc_column_inner][vc_column_inner el_class=&#8221;columns small-12 large-6 large-order-1 small-order-0&#8243; width=&#8221;1\/2&#8243;][vc_column_text el_class=&#8221;text-center hide-for-large&#8221;]<img loading=\"lazy\" decoding=\"async\" class=\"alignnone size-full wp-image-4844\" src=\"https:\/\/www.mexcaltruckline.com\/wp-content\/uploads\/2024\/10\/utilities-infrastructure-transportation-section_1-img_1-png-1413%C3%97947-10-10-2024_04_26_PM-min.png\" alt=\"servicios p\u00fablicos infraestructuras transporte\" width=\"1386\" height=\"930\">[\/vc_column_text][vc_empty_space height=&#8221;45px&#8221; el_class=&#8221;hide-for-large&#8221;][\/vc_column_inner][\/vc_row_inner][vc_empty_space height=&#8221;90px&#8221; el_class=&#8221;show-for-large&#8221;][vc_empty_space height=&#8221;45px&#8221; el_class=&#8221;hide-for-large&#8221;][\/vc_column][\/vc_row][\/vc_section][vc_section el_id=&#8221;utilities-infrastructure-transportation-section_2&#8243; el_class=&#8221;bg-gradient&#8221;][vc_row][vc_column][vc_empty_space height=&#8221;90px&#8221; el_class=&#8221;show-for-large&#8221;][vc_empty_space height=&#8221;45px&#8221; el_class=&#8221;hide-for-large&#8221;][vc_row_inner el_class=&#8221;row no-padding-vc&#8221;][vc_column_inner][vc_column_text el_class=&#8221;text-center&#8221;]<\/p>\n<h2 class=\"h1 font-weight-bold margin-bottom-2point5rem alt-white\">Descubra soluciones superiores para la cadena de suministro<\/h2>\n<p class=\"no-margin-bottom remove-br alt-white\">Establezca una asociaci\u00f3n duradera con un equipo flexible y adaptable, caracterizado por su profesionalidad y experiencia en el sector. Nuestros completos servicios de apoyo eliminan las preocupaciones log\u00edsticas, facilitando el acceso a todos los servicios que necesita.<\/p>\n<p>[\/vc_column_text][vc_empty_space height=&#8221;90px&#8221; el_class=&#8221;show-for-large&#8221;][vc_empty_space height=&#8221;45px&#8221; el_class=&#8221;hide-for-large&#8221;][\/vc_column_inner][\/vc_row_inner][vc_row_inner el_class=&#8221;row no-padding-vc&#8221;][vc_column_inner width=&#8221;1\/2&#8243;][vc_column_text el_class=&#8221;text-center large-text-left extra-large-padding-right-for-large&#8221;]<\/p>\n<div class=\"row \">\n<div class=\"columns large-2 large-offset-1 small-12 margin-bottom-1rem\"><img decoding=\"async\" class=\"alignnone size-full wp-image-1576\" src=\"\/wp-content\/uploads\/2024\/03\/thunderbolt-logo.svg\" alt=\"\"><\/div>\n<div class=\"columns large-9 small-12\">\n<h4 class=\"font-color-white margin-bottom-1rem\">Experiencia en log\u00edstica de energ\u00eda y servicios p\u00fablicos<\/h4>\n<p class=\"font-color-white big\">Con a\u00f1os de experiencia en el campo de la log\u00edstica energ\u00e9tica y de servicios p\u00fablicos, comprendemos las complejidades del transporte de equipos, materiales y personal a lugares remotos y entornos dif\u00edciles. Aprovechamos esa experiencia para garantizar a<br \/>\nla resoluci\u00f3n segura, puntual y eficaz de todas tus necesidades.<\/p>\n<\/div>\n<\/div>\n<div class=\"\" style=\"height: 45px;\"><\/div>\n<div class=\"row \">\n<div class=\"columns large-2 large-offset-1 small-12 margin-bottom-1rem\"><img decoding=\"async\" class=\"alignnone size-full wp-image-1578\" src=\"\/wp-content\/uploads\/2024\/03\/navigation-logo.svg\" alt=\"\"><\/div>\n<div class=\"columns large-9 small-12\">\n<h4 class=\"font-color-white margin-bottom-1rem\">Cumplimiento y seguridad<\/h4>\n<p class=\"font-color-white big\">La seguridad es primordial en el sector de la energ\u00eda y los servicios p\u00fablicos, y damos prioridad al cumplimiento de la normativa y las mejores pr\u00e1cticas del sector. Nuestro equipo est\u00e1 formado para cumplir estrictos protocolos de seguridad y normas medioambientales, garantizando la manipulaci\u00f3n segura y el transporte<br \/>\nde materiales peligrosos y equipos sensibles.<\/p>\n<\/div>\n<\/div>\n<p>[\/vc_column_text][vc_empty_space height=&#8221;45px&#8221; el_class=&#8221;hide-for-large&#8221;][\/vc_column_inner][vc_column_inner width=&#8221;1\/2&#8243;][vc_column_text el_class=&#8221;text-center large-text-left extra-large-padding-right-for-large&#8221;]<\/p>\n<div class=\"row \">\n<div class=\"columns large-2 large-offset-1 small-12 margin-bottom-1rem\"><img decoding=\"async\" class=\"alignnone size-full wp-image-1442\" src=\"\/wp-content\/uploads\/2024\/03\/starred.svg\" alt=\"\"><\/div>\n<div class=\"columns large-9 small-12\">\n<h4 class=\"font-color-white margin-bottom-1rem\">Soluciones todo en uno<\/h4>\n<p class=\"font-color-white big\">Desde alquileres de espacio en patio que cumplen la normativa C-TPAT hasta servicios puerta a puerta, ofrecemos todo lo que necesita para gestionar su log\u00edstica de energ\u00eda y servicios p\u00fablicos. Perm\u00edtanos ofrecerle soluciones avanzadas para cada paso del proceso, y para cada obst\u00e1culo que surja en el camino.<\/p>\n<\/div>\n<\/div>\n<div class=\"\" style=\"height: 45px;\"><\/div>\n<div class=\"row \">\n<div class=\"columns large-2 large-offset-1 small-12 margin-bottom-1rem\"><img decoding=\"async\" class=\"alignnone size-full wp-image-1444\" src=\"\/wp-content\/uploads\/2024\/03\/boxes.svg\" alt=\"\"><\/div>\n<div class=\"columns large-9 small-12\">\n<h4 class=\"font-color-white margin-bottom-1rem\">Fiabilidad y profesionalidad<\/h4>\n<p class=\"font-color-white big\">En Mex-Cal, priorizamos la confiabilidad y el profesionalismo en todo lo que hacemos. Nuestros avanzados sistemas de seguimiento y nuestra meticulosa atenci\u00f3n al detalle garantizan que sus env\u00edos lleguen siempre a tiempo y en perfectas condiciones. Puede confiar en que le ofreceremos tranquilidad junto con sus productos.<\/p>\n<\/div>\n<\/div>\n<p>[\/vc_column_text][\/vc_column_inner][\/vc_row_inner][vc_empty_space height=&#8221;90px&#8221; el_class=&#8221;show-for-large&#8221;][vc_empty_space height=&#8221;45px&#8221; el_class=&#8221;hide-for-large&#8221;][\/vc_column][\/vc_row][\/vc_section][vc_section el_id=&#8221;utilities-infrastructure-transportation-section_3&#8243; el_class=&#8221;bg-size-cover bg-no-repeat bg-center hide-bg&#8221; css=&#8221;.vc_custom_1711823037041{background-image: url(https:\/\/www.mexcaltruckline.com\/wp-content\/uploads\/2024\/03\/utilities-infrastructure-transportation-section_3-bg-img_1.png?id=1580) !important;}&#8221;][vc_row][vc_column][vc_empty_space height=&#8221;90px&#8221; el_class=&#8221;show-for-large&#8221;][vc_row_inner el_class=&#8221;row no-padding-vc hide-for-large&#8221;][vc_column_inner width=&#8221;1\/2&#8243;][vc_column_text el_class=&#8221;text-center hide-for-large&#8221;]<img loading=\"lazy\" decoding=\"async\" class=\"alignnone size-full wp-image-1709\" src=\"\/wp-content\/uploads\/2024\/04\/utilities-infrastructure-transportation-section_3-img_1.png\" alt=\"\" width=\"946\" height=\"696\" srcset=\"https:\/\/www.mexcaltruckline.com\/wp-content\/uploads\/2024\/04\/utilities-infrastructure-transportation-section_3-img_1.png 946w, https:\/\/www.mexcaltruckline.com\/wp-content\/uploads\/2024\/04\/utilities-infrastructure-transportation-section_3-img_1-300x221.png 300w, https:\/\/www.mexcaltruckline.com\/wp-content\/uploads\/2024\/04\/utilities-infrastructure-transportation-section_3-img_1-768x565.png 768w\" sizes=\"auto, (max-width: 946px) 100vw, 946px\" \/>[\/vc_column_text][\/vc_column_inner][vc_column_inner width=&#8221;1\/2&#8243;][\/vc_column_inner][\/vc_row_inner][vc_empty_space height=&#8221;24px&#8221; el_class=&#8221;hide-for-large&#8221;][vc_row_inner el_class=&#8221;row no-padding-vc&#8221;][vc_column_inner width=&#8221;1\/2&#8243;][\/vc_column_inner][vc_column_inner width=&#8221;1\/2&#8243;][vc_column_text el_class=&#8221;text-center large-text-left extra-big-padding-left-for-large&#8221;]<\/p>\n<h2 class=\"h1 font-color-primary remove-br margin-bottom-2rem\">Fiabilidad y profesionalidad<\/h2>\n<p class=\" margin-bottom-1point5rem big\">Somos conscientes de la importancia del tiempo de actividad y la fiabilidad en el sector de la energ\u00eda y los servicios p\u00fablicos. Nuestros avanzados sistemas de seguimiento y nuestra experiencia log\u00edstica nos permiten optimizar las rutas, minimizar los retrasos y garantizar la entrega puntual de suministros y equipos cr\u00edticos, ayud\u00e1ndole a maximizar la productividad y minimizar el tiempo de inactividad. Adem\u00e1s, nuestro equipo es entrenado profesionalmente en la Escuela de Manejo Mex-Cal, despu\u00e9s de lo cual pasan por un riguroso entrenamiento para asegurar el tipo correcto de experiencia para que usted pueda confiar en cada persona que apoya su \u00e9xito.<\/p>\n<p>[\/vc_column_text][\/vc_column_inner][\/vc_row_inner][vc_empty_space height=&#8221;90px&#8221; el_class=&#8221;show-for-large&#8221;][vc_empty_space height=&#8221;45px&#8221; el_class=&#8221;hide-for-large&#8221;][\/vc_column][\/vc_row][\/vc_section]<\/p>\n<\/div>","protected":false},"excerpt":{"rendered":"<p>[vc_section el_id=&#8221;utilities-infrastructure-transportation-section_0&#8243; el_class=&#8221;bg-size-cover bg-no-repeat bg-center bg-secondary&#8221; css=&#8221;.vc_custom_1711821474882{background-image: url(https:\/\/www.mexcaltruckline.com\/wp-content\/uploads\/2024\/03\/electronics-shipping-solutions-section_0-header-img_1.png?id=1558) !important;}&#8221;][vc_row][vc_column][vc_empty_space height=&#8221;100px&#8221;][vc_row_inner el_class=&#8221;row no-padding-vc&#8221;][vc_column_inner][vc_column_text el_class=&#8221;text-center&#8221;] Transporte de servicios p\u00fablicos e infraestructuras [\/vc_column_text][\/vc_column_inner][\/vc_row_inner][vc_empty_space height=&#8221;160px&#8221;][\/vc_column][\/vc_row][\/vc_section][vc_section el_id=&#8221;utilities-infrastructure-transportation-section_1&#8243; css=&#8221;.vc_custom_1711990111030{background-image: url(https:\/\/www.mexcaltruckline.com\/wp-content\/uploads\/2024\/04\/utilities-infrastructure-transportation-section_1-bg-img_1.png?id=1707) !important;background-position: center !important;background-repeat: no-repeat !important;background-size: cover !important;}&#8221; el_class=&#8221;hide-bg bg-size-cover bg-no-repeat bg-center&#8221;][vc_row][vc_column][vc_empty_space height=&#8221;90px&#8221; el_class=&#8221;show-for-large&#8221;][vc_row_inner el_class=&#8221;row no-padding-vc&#8221;][vc_column_inner el_class=&#8221;columns small-12 large-6 large-order-0 small-order-1&#8243; width=&#8221;1\/2&#8243;][vc_column_text el_class=&#8221;text-center large-text-left&#8221;] Soluciones log\u00edsticas fiables para energ\u00eda y servicios p\u00fablicos<a class=\"excerpt-read-more\" href=\"https:\/\/www.mexcaltruckline.com\/es\/industrias\/servicios-publicos-infraestructuras-transporte\/\" title=\"ReadTransporte de servicios p\u00fablicos e infraestructuras\">&#8230; Read more &raquo;<\/a><\/p>\n","protected":false},"author":1,"featured_media":4845,"parent":1911,"menu_order":0,"comment_status":"closed","ping_status":"closed","template":"template-visual-builder.php","meta":{"inline_featured_image":false,"footnotes":""},"class_list":["post-1567","page","type-page","status-publish","has-post-thumbnail","hentry"],"yoast_head":"<!-- This site is optimized with the Yoast SEO plugin v26.9 - https:\/\/yoast.com\/product\/yoast-seo-wordpress\/ -->\n<title>Transporte de servicios p\u00fablicos e infraestructuras | MexCal Truckline<\/title>\n<meta name=\"description\" content=\"MexCal Truckline proporciona una log\u00edstica fiable y eficiente para la energ\u00eda y los servicios p\u00fablicos, combinando experiencia con soluciones avanzadas todo en uno.\" \/>\n<meta name=\"robots\" content=\"index, follow, max-snippet:-1, max-image-preview:large, max-video-preview:-1\" \/>\n<link rel=\"canonical\" href=\"https:\/\/www.mexcaltruckline.com\/es\/industrias\/servicios-publicos-infraestructuras-transporte\/\" \/>\n<meta property=\"og:locale\" content=\"es_ES\" \/>\n<meta property=\"og:type\" content=\"article\" \/>\n<meta property=\"og:title\" content=\"Transporte de servicios p\u00fablicos e infraestructuras | MexCal Truckline\" \/>\n<meta property=\"og:description\" content=\"MexCal Truckline proporciona una log\u00edstica fiable y eficiente para la energ\u00eda y los servicios p\u00fablicos, combinando experiencia con soluciones avanzadas todo en uno.\" \/>\n<meta property=\"og:url\" content=\"https:\/\/www.mexcaltruckline.com\/es\/industrias\/servicios-publicos-infraestructuras-transporte\/\" \/>\n<meta property=\"og:site_name\" content=\"MexCal Truckline - San Diego-Tijuana Trucking Company\" \/>\n<meta property=\"article:publisher\" content=\"https:\/\/www.facebook.com\/mexcaltrucklineusa\/\" \/>\n<meta property=\"article:modified_time\" content=\"2024-10-10T22:28:53+00:00\" \/>\n<meta property=\"og:image\" content=\"https:\/\/www.mexcaltruckline.com\/wp-content\/uploads\/2024\/10\/utilities-infrastructure-transportation-section_1-img_1-png-1413%C3%97947-10-10-2024_04_26_PM-min.png\" \/>\n<meta name=\"twitter:card\" content=\"summary_large_image\" \/>\n<meta name=\"twitter:label1\" content=\"Est. reading time\" \/>\n\t<meta name=\"twitter:data1\" content=\"5 minutes\" \/>\n<script type=\"application\/ld+json\" class=\"yoast-schema-graph\">{\"@context\":\"https:\/\/schema.org\",\"@graph\":[{\"@type\":\"WebPage\",\"@id\":\"https:\/\/www.mexcaltruckline.com\/es\/industrias\/servicios-publicos-infraestructuras-transporte\/\",\"url\":\"https:\/\/www.mexcaltruckline.com\/es\/industrias\/servicios-publicos-infraestructuras-transporte\/\",\"name\":\"Transporte de servicios p\u00fablicos e infraestructuras | MexCal Truckline\",\"isPartOf\":{\"@id\":\"https:\/\/www.mexcaltruckline.com\/#website\"},\"primaryImageOfPage\":{\"@id\":\"https:\/\/www.mexcaltruckline.com\/es\/industrias\/servicios-publicos-infraestructuras-transporte\/#primaryimage\"},\"image\":{\"@id\":\"https:\/\/www.mexcaltruckline.com\/es\/industrias\/servicios-publicos-infraestructuras-transporte\/#primaryimage\"},\"thumbnailUrl\":\"https:\/\/www.mexcaltruckline.com\/wp-content\/uploads\/2024\/10\/utilities-infrastructure-transportation-section_1-img_1-png-1413\u00d7947-10-10-2024_04_26_PM-min.png\",\"datePublished\":\"2024-03-30T17:58:56+00:00\",\"dateModified\":\"2024-10-10T22:28:53+00:00\",\"description\":\"MexCal Truckline proporciona una log\u00edstica fiable y eficiente para la energ\u00eda y los servicios p\u00fablicos, combinando experiencia con soluciones avanzadas todo en uno.\",\"breadcrumb\":{\"@id\":\"https:\/\/www.mexcaltruckline.com\/es\/industrias\/servicios-publicos-infraestructuras-transporte\/#breadcrumb\"},\"inLanguage\":\"es-ES\",\"potentialAction\":[{\"@type\":\"ReadAction\",\"target\":[\"https:\/\/www.mexcaltruckline.com\/es\/industrias\/servicios-publicos-infraestructuras-transporte\/\"]}]},{\"@type\":\"ImageObject\",\"inLanguage\":\"es-ES\",\"@id\":\"https:\/\/www.mexcaltruckline.com\/es\/industrias\/servicios-publicos-infraestructuras-transporte\/#primaryimage\",\"url\":\"https:\/\/www.mexcaltruckline.com\/wp-content\/uploads\/2024\/10\/utilities-infrastructure-transportation-section_1-img_1-png-1413\u00d7947-10-10-2024_04_26_PM-min.png\",\"contentUrl\":\"https:\/\/www.mexcaltruckline.com\/wp-content\/uploads\/2024\/10\/utilities-infrastructure-transportation-section_1-img_1-png-1413\u00d7947-10-10-2024_04_26_PM-min.png\",\"width\":1386,\"height\":930,\"caption\":\"utilities infrastructure transportation\"},{\"@type\":\"BreadcrumbList\",\"@id\":\"https:\/\/www.mexcaltruckline.com\/es\/industrias\/servicios-publicos-infraestructuras-transporte\/#breadcrumb\",\"itemListElement\":[{\"@type\":\"ListItem\",\"position\":1,\"name\":\"Home\",\"item\":\"https:\/\/www.mexcaltruckline.com\/es\/\"},{\"@type\":\"ListItem\",\"position\":2,\"name\":\"Industrias\",\"item\":\"https:\/\/www.mexcaltruckline.com\/es\/industrias\/\"},{\"@type\":\"ListItem\",\"position\":3,\"name\":\"Transporte de servicios p\u00fablicos e infraestructuras\"}]},{\"@type\":\"WebSite\",\"@id\":\"https:\/\/www.mexcaltruckline.com\/#website\",\"url\":\"https:\/\/www.mexcaltruckline.com\/\",\"name\":\"MexCal Truckline | Mexico-San Diego Trucking Company\",\"description\":\"On Time, Every Time.\",\"publisher\":{\"@id\":\"https:\/\/www.mexcaltruckline.com\/#organization\"},\"alternateName\":\"Mexcal Truckline\",\"potentialAction\":[{\"@type\":\"SearchAction\",\"target\":{\"@type\":\"EntryPoint\",\"urlTemplate\":\"https:\/\/www.mexcaltruckline.com\/?s={search_term_string}\"},\"query-input\":{\"@type\":\"PropertyValueSpecification\",\"valueRequired\":true,\"valueName\":\"search_term_string\"}}],\"inLanguage\":\"es-ES\"},{\"@type\":\"Organization\",\"@id\":\"https:\/\/www.mexcaltruckline.com\/#organization\",\"name\":\"Mex-Cal Truckline Transportes\",\"url\":\"https:\/\/www.mexcaltruckline.com\/\",\"logo\":{\"@type\":\"ImageObject\",\"inLanguage\":\"es-ES\",\"@id\":\"https:\/\/www.mexcaltruckline.com\/#\/schema\/logo\/image\/\",\"url\":\"https:\/\/www.mexcaltruckline.com\/wp-content\/uploads\/2023\/07\/logo_mex-cal.svg\",\"contentUrl\":\"https:\/\/www.mexcaltruckline.com\/wp-content\/uploads\/2023\/07\/logo_mex-cal.svg\",\"width\":\"1024\",\"height\":\"1024\",\"caption\":\"Mex-Cal Truckline Transportes\"},\"image\":{\"@id\":\"https:\/\/www.mexcaltruckline.com\/#\/schema\/logo\/image\/\"},\"sameAs\":[\"https:\/\/www.facebook.com\/mexcaltrucklineusa\/\",\"https:\/\/www.instagram.com\/mexcaltruckline\/\",\"https:\/\/www.indeed.com\/cmp\/Mex--cal-Truckline\"]}]}<\/script>\n<!-- \/ Yoast SEO plugin. -->","yoast_head_json":{"title":"Transporte de servicios p\u00fablicos e infraestructuras | MexCal Truckline","description":"MexCal Truckline proporciona una log\u00edstica fiable y eficiente para la energ\u00eda y los servicios p\u00fablicos, combinando experiencia con soluciones avanzadas todo en uno.","robots":{"index":"index","follow":"follow","max-snippet":"max-snippet:-1","max-image-preview":"max-image-preview:large","max-video-preview":"max-video-preview:-1"},"canonical":"https:\/\/www.mexcaltruckline.com\/es\/industrias\/servicios-publicos-infraestructuras-transporte\/","og_locale":"es_ES","og_type":"article","og_title":"Transporte de servicios p\u00fablicos e infraestructuras | MexCal Truckline","og_description":"MexCal Truckline proporciona una log\u00edstica fiable y eficiente para la energ\u00eda y los servicios p\u00fablicos, combinando experiencia con soluciones avanzadas todo en uno.","og_url":"https:\/\/www.mexcaltruckline.com\/es\/industrias\/servicios-publicos-infraestructuras-transporte\/","og_site_name":"MexCal Truckline - San Diego-Tijuana Trucking Company","article_publisher":"https:\/\/www.facebook.com\/mexcaltrucklineusa\/","article_modified_time":"2024-10-10T22:28:53+00:00","og_image":[{"url":"https:\/\/www.mexcaltruckline.com\/wp-content\/uploads\/2024\/10\/utilities-infrastructure-transportation-section_1-img_1-png-1413%C3%97947-10-10-2024_04_26_PM-min.png","type":"","width":"","height":""}],"twitter_card":"summary_large_image","twitter_misc":{"Est. reading time":"5 minutes"},"schema":{"@context":"https:\/\/schema.org","@graph":[{"@type":"WebPage","@id":"https:\/\/www.mexcaltruckline.com\/es\/industrias\/servicios-publicos-infraestructuras-transporte\/","url":"https:\/\/www.mexcaltruckline.com\/es\/industrias\/servicios-publicos-infraestructuras-transporte\/","name":"Transporte de servicios p\u00fablicos e infraestructuras | MexCal Truckline","isPartOf":{"@id":"https:\/\/www.mexcaltruckline.com\/#website"},"primaryImageOfPage":{"@id":"https:\/\/www.mexcaltruckline.com\/es\/industrias\/servicios-publicos-infraestructuras-transporte\/#primaryimage"},"image":{"@id":"https:\/\/www.mexcaltruckline.com\/es\/industrias\/servicios-publicos-infraestructuras-transporte\/#primaryimage"},"thumbnailUrl":"https:\/\/www.mexcaltruckline.com\/wp-content\/uploads\/2024\/10\/utilities-infrastructure-transportation-section_1-img_1-png-1413\u00d7947-10-10-2024_04_26_PM-min.png","datePublished":"2024-03-30T17:58:56+00:00","dateModified":"2024-10-10T22:28:53+00:00","description":"MexCal Truckline proporciona una log\u00edstica fiable y eficiente para la energ\u00eda y los servicios p\u00fablicos, combinando experiencia con soluciones avanzadas todo en uno.","breadcrumb":{"@id":"https:\/\/www.mexcaltruckline.com\/es\/industrias\/servicios-publicos-infraestructuras-transporte\/#breadcrumb"},"inLanguage":"es-ES","potentialAction":[{"@type":"ReadAction","target":["https:\/\/www.mexcaltruckline.com\/es\/industrias\/servicios-publicos-infraestructuras-transporte\/"]}]},{"@type":"ImageObject","inLanguage":"es-ES","@id":"https:\/\/www.mexcaltruckline.com\/es\/industrias\/servicios-publicos-infraestructuras-transporte\/#primaryimage","url":"https:\/\/www.mexcaltruckline.com\/wp-content\/uploads\/2024\/10\/utilities-infrastructure-transportation-section_1-img_1-png-1413\u00d7947-10-10-2024_04_26_PM-min.png","contentUrl":"https:\/\/www.mexcaltruckline.com\/wp-content\/uploads\/2024\/10\/utilities-infrastructure-transportation-section_1-img_1-png-1413\u00d7947-10-10-2024_04_26_PM-min.png","width":1386,"height":930,"caption":"utilities infrastructure transportation"},{"@type":"BreadcrumbList","@id":"https:\/\/www.mexcaltruckline.com\/es\/industrias\/servicios-publicos-infraestructuras-transporte\/#breadcrumb","itemListElement":[{"@type":"ListItem","position":1,"name":"Home","item":"https:\/\/www.mexcaltruckline.com\/es\/"},{"@type":"ListItem","position":2,"name":"Industrias","item":"https:\/\/www.mexcaltruckline.com\/es\/industrias\/"},{"@type":"ListItem","position":3,"name":"Transporte de servicios p\u00fablicos e infraestructuras"}]},{"@type":"WebSite","@id":"https:\/\/www.mexcaltruckline.com\/#website","url":"https:\/\/www.mexcaltruckline.com\/","name":"MexCal Truckline | Mexico-San Diego Trucking Company","description":"On Time, Every Time.","publisher":{"@id":"https:\/\/www.mexcaltruckline.com\/#organization"},"alternateName":"Mexcal Truckline","potentialAction":[{"@type":"SearchAction","target":{"@type":"EntryPoint","urlTemplate":"https:\/\/www.mexcaltruckline.com\/?s={search_term_string}"},"query-input":{"@type":"PropertyValueSpecification","valueRequired":true,"valueName":"search_term_string"}}],"inLanguage":"es-ES"},{"@type":"Organization","@id":"https:\/\/www.mexcaltruckline.com\/#organization","name":"Mex-Cal Truckline Transportes","url":"https:\/\/www.mexcaltruckline.com\/","logo":{"@type":"ImageObject","inLanguage":"es-ES","@id":"https:\/\/www.mexcaltruckline.com\/#\/schema\/logo\/image\/","url":"https:\/\/www.mexcaltruckline.com\/wp-content\/uploads\/2023\/07\/logo_mex-cal.svg","contentUrl":"https:\/\/www.mexcaltruckline.com\/wp-content\/uploads\/2023\/07\/logo_mex-cal.svg","width":"1024","height":"1024","caption":"Mex-Cal Truckline Transportes"},"image":{"@id":"https:\/\/www.mexcaltruckline.com\/#\/schema\/logo\/image\/"},"sameAs":["https:\/\/www.facebook.com\/mexcaltrucklineusa\/","https:\/\/www.instagram.com\/mexcaltruckline\/","https:\/\/www.indeed.com\/cmp\/Mex--cal-Truckline"]}]}},"_links":{"self":[{"href":"https:\/\/www.mexcaltruckline.com\/es\/wp-json\/wp\/v2\/pages\/1567","targetHints":{"allow":["GET"]}}],"collection":[{"href":"https:\/\/www.mexcaltruckline.com\/es\/wp-json\/wp\/v2\/pages"}],"about":[{"href":"https:\/\/www.mexcaltruckline.com\/es\/wp-json\/wp\/v2\/types\/page"}],"author":[{"embeddable":true,"href":"https:\/\/www.mexcaltruckline.com\/es\/wp-json\/wp\/v2\/users\/1"}],"replies":[{"embeddable":true,"href":"https:\/\/www.mexcaltruckline.com\/es\/wp-json\/wp\/v2\/comments?post=1567"}],"version-history":[{"count":34,"href":"https:\/\/www.mexcaltruckline.com\/es\/wp-json\/wp\/v2\/pages\/1567\/revisions"}],"predecessor-version":[{"id":4852,"href":"https:\/\/www.mexcaltruckline.com\/es\/wp-json\/wp\/v2\/pages\/1567\/revisions\/4852"}],"up":[{"embeddable":true,"href":"https:\/\/www.mexcaltruckline.com\/es\/wp-json\/wp\/v2\/pages\/1911"}],"wp:featuredmedia":[{"embeddable":true,"href":"https:\/\/www.mexcaltruckline.com\/es\/wp-json\/wp\/v2\/media\/4845"}],"wp:attachment":[{"href":"https:\/\/www.mexcaltruckline.com\/es\/wp-json\/wp\/v2\/media?parent=1567"}],"curies":[{"name":"wp","href":"https:\/\/api.w.org\/{rel}","templated":true}]}}