{"id":1587,"date":"2024-03-30T18:27:42","date_gmt":"2024-03-30T18:27:42","guid":{"rendered":"https:\/\/www.mexcaltruckline.com\/logistica-de-alimentos-no-perecederos\/"},"modified":"2024-10-14T18:37:00","modified_gmt":"2024-10-14T18:37:00","slug":"logistica-de-alimentos-no-perecederos","status":"publish","type":"page","link":"https:\/\/www.mexcaltruckline.com\/es\/industrias\/logistica-de-alimentos-no-perecederos\/","title":{"rendered":"Log\u00edstica de alimentos no perecederos"},"content":{"rendered":"<div class=\"wpb-content-wrapper\"><p>[vc_section el_id=&#8221;non-perishable-food-logistics-section_0&#8243; el_class=&#8221;bg-size-cover bg-no-repeat bg-center bg-secondary&#8221; css=&#8221;.vc_custom_1711826206761{background-image: url(https:\/\/www.mexcaltruckline.com\/wp-content\/uploads\/2024\/03\/electronics-shipping-solutions-section_0-header-img_1.png?id=1558) !important;}&#8221;][vc_row][vc_column][vc_empty_space height=&#8221;100px&#8221;][vc_row_inner el_class=&#8221;row no-padding-vc&#8221;][vc_column_inner][vc_column_text el_class=&#8221;text-center&#8221;]<\/p>\n<h1 class=\"page-heading no-margin-bottom\">Log\u00edstica de alimentos no perecederos<\/h1>\n<p>[\/vc_column_text][\/vc_column_inner][\/vc_row_inner][vc_empty_space height=&#8221;160px&#8221;][\/vc_column][\/vc_row][\/vc_section][vc_section el_id=&#8221;non-perishable-food-logistics-section_1&#8243; css=&#8221;.vc_custom_1711989840307{background-image: url(https:\/\/www.mexcaltruckline.com\/wp-content\/uploads\/2024\/04\/non-perishable-food-logistics-section_1-bg-img_1.png?id=1700) !important;background-position: center !important;background-repeat: no-repeat !important;background-size: cover !important;}&#8221; el_class=&#8221;hide-bg bg-size-cover bg-no-repeat bg-center&#8221;][vc_row][vc_column][vc_empty_space height=&#8221;90px&#8221; el_class=&#8221;show-for-large&#8221;][vc_row_inner el_class=&#8221;row no-padding-vc&#8221;][vc_column_inner el_class=&#8221;columns small-12 large-6 large-order-0 small-order-1&#8243; width=&#8221;1\/2&#8243;][vc_column_text el_class=&#8221;text-center large-text-left&#8221;]<\/p>\n<h2 class=\"h1 font-weight-bold margin-bottom-2point5rem alt-primary\">Servicios para la cadena de suministro de productos secos<\/h2>\n<p class=\"no-margin-bottom remove-br\">En un sector en el que la frescura, la eficacia y la fiabilidad son primordiales, comprendemos los retos \u00fanicos a los que se enfrenta. Utilizamos nuestros m\u00e1s de 40 a\u00f1os de experiencia y soluciones personalizadas para garantizar que sus cargas se entregan a tiempo, siempre, incluso en un mercado din\u00e1mico.<\/p>\n<p>[\/vc_column_text][\/vc_column_inner][vc_column_inner el_class=&#8221;columns small-12 large-6 large-order-1 small-order-0&#8243; width=&#8221;1\/2&#8243;][vc_column_text el_class=&#8221;text-center hide-for-large&#8221;]<img loading=\"lazy\" decoding=\"async\" class=\"alignnone size-full wp-image-4801\" src=\"https:\/\/www.mexcaltruckline.com\/wp-content\/uploads\/2024\/10\/non-perishable-food-logistics-section_1-img_1-png-1413%C3%97947-10-10-2024_03_56_PM-min.png\" alt=\"log\u00edstica de mercanc\u00edas secas\" width=\"1384\" height=\"936\">[\/vc_column_text][vc_empty_space height=&#8221;45px&#8221; el_class=&#8221;hide-for-large&#8221;][\/vc_column_inner][\/vc_row_inner][vc_empty_space height=&#8221;90px&#8221; el_class=&#8221;show-for-large&#8221;][vc_empty_space height=&#8221;45px&#8221; el_class=&#8221;hide-for-large&#8221;][\/vc_column][\/vc_row][\/vc_section][vc_section el_id=&#8221;non-perishable-food-logistics-section_2&#8243; el_class=&#8221;bg-gradient&#8221;][vc_row][vc_column][vc_empty_space height=&#8221;90px&#8221; el_class=&#8221;show-for-large&#8221;][vc_empty_space height=&#8221;45px&#8221; el_class=&#8221;hide-for-large&#8221;][vc_row_inner el_class=&#8221;row no-padding-vc&#8221;][vc_column_inner][vc_column_text el_class=&#8221;text-center&#8221;]<\/p>\n<h2 class=\"h1 font-weight-bold margin-bottom-2point5rem alt-white\">Gesti\u00f3n de la cadena de suministro de alimentos envasados<\/h2>\n<p class=\"no-margin-bottom remove-br alt-white\">Establezca una asociaci\u00f3n duradera con un equipo flexible y adaptable, caracterizado por su profesionalidad y experiencia en el sector. Nuestros completos servicios de apoyo eliminan las preocupaciones log\u00edsticas, facilitando el acceso a todos los servicios que necesita.<\/p>\n<p>[\/vc_column_text][vc_empty_space height=&#8221;90px&#8221; el_class=&#8221;show-for-large&#8221;][vc_empty_space height=&#8221;45px&#8221; el_class=&#8221;hide-for-large&#8221;][\/vc_column_inner][\/vc_row_inner][vc_row_inner el_class=&#8221;row no-padding-vc&#8221;][vc_column_inner width=&#8221;1\/2&#8243;][vc_column_text el_class=&#8221;text-center large-text-left extra-large-padding-right-for-large&#8221;]<\/p>\n<div class=\"row \">\n<div class=\"columns large-2 large-offset-1 small-12 margin-bottom-1rem\"><img decoding=\"async\" class=\"alignnone size-full wp-image-1591\" src=\"\/wp-content\/uploads\/2024\/03\/fruits-logo.svg\" alt=\"\"><\/div>\n<div class=\"columns large-9 small-12\">\n<h4 class=\"font-color-white margin-bottom-1rem\">Experiencia en servicios para la cadena de suministro de alimentos y comestibles<\/h4>\n<p class=\"font-color-white big\">Nuestras m\u00e1s de cuatro d\u00e9cadas de experiencia en servicios para la cadena de suministro de alimentos y comestibles nos permiten hacer frente a la naturaleza exigente y sensible a los plazos de la cadena de suministro de alimentos y comestibles. Desde la gesti\u00f3n de art\u00edculos perecederos hasta la manipulaci\u00f3n de productos sensibles a la temperatura o el cumplimiento de estrictos requisitos normativos, disponemos de las soluciones avanzadas que necesita.<\/p>\n<\/div>\n<\/div>\n<div class=\"\" style=\"height: 45px;\"><\/div>\n<div class=\"row \">\n<div class=\"columns large-2 large-offset-1 small-12 margin-bottom-1rem\"><img decoding=\"async\" class=\"alignnone size-full wp-image-1523\" src=\"\/wp-content\/uploads\/2024\/03\/award-logo.svg\" alt=\"\"><\/div>\n<div class=\"columns large-9 small-12\">\n<h4 class=\"font-color-white margin-bottom-1rem\">Garant\u00eda de calidad<\/h4>\n<p class=\"font-color-white big\">Somos conscientes de la importancia de mantener la calidad y la seguridad en toda la cadena de suministro. Nuestra flota, instalaciones de almacenamiento, patios y equipos est\u00e1n equipados para cumplir las normas m\u00e1s estrictas de limpieza y manipulaci\u00f3n segura de alimentos. Conf\u00eda en nosotros para entregar siempre tus productos<br \/>\nde forma segura y fiable.<\/p>\n<\/div>\n<\/div>\n<p>[\/vc_column_text][vc_empty_space height=&#8221;45px&#8221; el_class=&#8221;hide-for-large&#8221;][\/vc_column_inner][vc_column_inner width=&#8221;1\/2&#8243;][vc_column_text el_class=&#8221;text-center large-text-left extra-large-padding-right-for-large&#8221;]<\/p>\n<div class=\"row \">\n<div class=\"columns large-2 large-offset-1 small-12 margin-bottom-1rem\"><img decoding=\"async\" class=\"alignnone size-full wp-image-1442\" src=\"\/wp-content\/uploads\/2024\/03\/starred.svg\" alt=\"\"><\/div>\n<div class=\"columns large-9 small-12\">\n<h4 class=\"font-color-white margin-bottom-1rem\">Env\u00edo de alimentos no perecederos todo en uno<\/h4>\n<p class=\"font-color-white big\">Tanto si necesita aprovisionamiento, almacenamiento, distribuci\u00f3n o entrega en la \u00faltima milla, disponemos de la capacidad y los recursos para optimizar cada etapa de su cadena de suministro, garantizando la eficacia y la frescura de principio a fin.<\/p>\n<\/div>\n<\/div>\n<div class=\"\" style=\"height: 45px;\"><\/div>\n<div class=\"row \">\n<div class=\"columns large-2 large-offset-1 small-12 margin-bottom-1rem\"><a href=\"https:\/\/www.mexcaltruckline.com\/es\/servicios\/transportistas-aduaneros\/\"><img decoding=\"async\" class=\"alignnone size-full wp-image-1444\" src=\"\/wp-content\/uploads\/2024\/03\/boxes.svg\" alt=\"\"><\/a><\/div>\n<div class=\"columns large-9 small-12\">\n<h4 class=\"font-color-white margin-bottom-1rem\"><a href=\"https:\/\/www.mexcaltruckline.com\/es\/servicios\/transportistas-aduaneros\/\">Servicios de enlace<\/a><\/h4>\n<p class=\"font-color-white big\">Saboree el sabor de la distribuci\u00f3n internacional simplificada de alimentos con nuestros servicios de fianzas. Perfectas para art\u00edculos no perecederos, nuestras soluciones ofrecen pagos de derechos diferidos, reduciendo los gastos generales y garantizando que sus productos lleguen al mercado m\u00e1s frescos y m\u00e1s r\u00e1pidamente.<\/p>\n<\/div>\n<\/div>\n<p>[\/vc_column_text][\/vc_column_inner][\/vc_row_inner][vc_empty_space height=&#8221;90px&#8221; el_class=&#8221;show-for-large&#8221;][vc_empty_space height=&#8221;45px&#8221; el_class=&#8221;hide-for-large&#8221;][\/vc_column][\/vc_row][\/vc_section][vc_section el_id=&#8221;non-perishable-food-logistics-section_3&#8243; el_class=&#8221;bg-size-cover bg-no-repeat bg-center hide-bg&#8221; css=&#8221;.vc_custom_1711827280820{background-image: url(https:\/\/www.mexcaltruckline.com\/wp-content\/uploads\/2024\/03\/non-perishable-food-logistics-section_3-bg-img_1.png?id=1596) !important;}&#8221;][vc_row][vc_column][vc_empty_space height=&#8221;90px&#8221; el_class=&#8221;show-for-large&#8221;][vc_row_inner el_class=&#8221;row no-padding-vc hide-for-large&#8221;][vc_column_inner width=&#8221;1\/2&#8243;][vc_column_text el_class=&#8221;text-center&#8221;]<img loading=\"lazy\" decoding=\"async\" class=\"alignnone size-full wp-image-4913\" src=\"https:\/\/www.mexcaltruckline.com\/wp-content\/uploads\/2024\/10\/non-perishable-food-logistics-section_3-img_1-png-946%C3%97696-10-14-2024_12_35_PM-min.png\" alt=\"Transporte por transportista con fianza\" width=\"940\" height=\"692\">[\/vc_column_text][\/vc_column_inner][vc_column_inner width=&#8221;1\/2&#8243;][\/vc_column_inner][\/vc_row_inner][vc_empty_space height=&#8221;24px&#8221; el_class=&#8221;hide-for-large&#8221;][vc_row_inner el_class=&#8221;row no-padding-vc&#8221;][vc_column_inner width=&#8221;1\/2&#8243;][\/vc_column_inner][vc_column_inner width=&#8221;1\/2&#8243;][vc_column_text el_class=&#8221;text-center large-text-left extra-big-padding-left-for-large&#8221;]<\/p>\n<h2 class=\"h1 font-color-primary remove-br margin-bottom-2rem\">M\u00e1xima seguridad<\/h2>\n<p class=\" margin-bottom-1point5rem big\">Una seguridad eficaz no es negociable cuando se transportan mercanc\u00edas a trav\u00e9s de las fronteras. Damos prioridad a la seguridad aplicando medidas de seguridad de primer nivel. Todos los camiones se someten a un control e inspecci\u00f3n exhaustivos de 21 puntos realizados por nuestra unidad K9 certificada.<br \/>\nDesde el momento en que sale, tu cami\u00f3n est\u00e1 continuamente vigilado por GPS las 24 horas del d\u00eda, los 7 d\u00edas de la semana, hasta que llega sano y salvo a su destino. Nuestro patio tambi\u00e9n est\u00e1 protegido por guardias de seguridad armados y vigilancia constante.<\/p>\n<p>[\/vc_column_text][\/vc_column_inner][\/vc_row_inner][vc_empty_space height=&#8221;90px&#8221; el_class=&#8221;show-for-large&#8221;][vc_empty_space height=&#8221;45px&#8221; el_class=&#8221;hide-for-large&#8221;][\/vc_column][\/vc_row][\/vc_section]<\/p>\n<\/div>","protected":false},"excerpt":{"rendered":"<p>[vc_section el_id=&#8221;non-perishable-food-logistics-section_0&#8243; el_class=&#8221;bg-size-cover bg-no-repeat bg-center bg-secondary&#8221; css=&#8221;.vc_custom_1711826206761{background-image: url(https:\/\/www.mexcaltruckline.com\/wp-content\/uploads\/2024\/03\/electronics-shipping-solutions-section_0-header-img_1.png?id=1558) !important;}&#8221;][vc_row][vc_column][vc_empty_space height=&#8221;100px&#8221;][vc_row_inner el_class=&#8221;row no-padding-vc&#8221;][vc_column_inner][vc_column_text el_class=&#8221;text-center&#8221;] Log\u00edstica de alimentos no perecederos [\/vc_column_text][\/vc_column_inner][\/vc_row_inner][vc_empty_space height=&#8221;160px&#8221;][\/vc_column][\/vc_row][\/vc_section][vc_section el_id=&#8221;non-perishable-food-logistics-section_1&#8243; css=&#8221;.vc_custom_1711989840307{background-image: url(https:\/\/www.mexcaltruckline.com\/wp-content\/uploads\/2024\/04\/non-perishable-food-logistics-section_1-bg-img_1.png?id=1700) !important;background-position: center !important;background-repeat: no-repeat !important;background-size: cover !important;}&#8221; el_class=&#8221;hide-bg bg-size-cover bg-no-repeat bg-center&#8221;][vc_row][vc_column][vc_empty_space height=&#8221;90px&#8221; el_class=&#8221;show-for-large&#8221;][vc_row_inner el_class=&#8221;row no-padding-vc&#8221;][vc_column_inner el_class=&#8221;columns small-12 large-6 large-order-0 small-order-1&#8243; width=&#8221;1\/2&#8243;][vc_column_text el_class=&#8221;text-center large-text-left&#8221;] Servicios para la cadena de suministro de productos secos<a class=\"excerpt-read-more\" href=\"https:\/\/www.mexcaltruckline.com\/es\/industrias\/logistica-de-alimentos-no-perecederos\/\" title=\"ReadLog\u00edstica de alimentos no perecederos\">&#8230; Read more &raquo;<\/a><\/p>\n","protected":false},"author":1,"featured_media":4802,"parent":1911,"menu_order":0,"comment_status":"closed","ping_status":"closed","template":"template-visual-builder.php","meta":{"inline_featured_image":false,"footnotes":""},"class_list":["post-1587","page","type-page","status-publish","has-post-thumbnail","hentry"],"yoast_head":"<!-- This site is optimized with the Yoast SEO plugin v26.9 - https:\/\/yoast.com\/product\/yoast-seo-wordpress\/ -->\n<title>Log\u00edstica de alimentos no perecederospagesep%% MexCal Truckline<\/title>\n<meta name=\"description\" content=\"MexCal Truckline destaca en la log\u00edstica de alimentos no perecederos, ofreciendo m\u00e1s de 40 a\u00f1os de experiencia para garantizar la entrega puntual, segura y eficaz de productos secos.\" \/>\n<meta name=\"robots\" content=\"index, follow, max-snippet:-1, max-image-preview:large, max-video-preview:-1\" \/>\n<link rel=\"canonical\" href=\"https:\/\/www.mexcaltruckline.com\/es\/industrias\/logistica-de-alimentos-no-perecederos\/\" \/>\n<meta property=\"og:locale\" content=\"es_ES\" \/>\n<meta property=\"og:type\" content=\"article\" \/>\n<meta property=\"og:title\" content=\"Log\u00edstica de alimentos no perecederospagesep%% MexCal Truckline\" \/>\n<meta property=\"og:description\" content=\"MexCal Truckline destaca en la log\u00edstica de alimentos no perecederos, ofreciendo m\u00e1s de 40 a\u00f1os de experiencia para garantizar la entrega puntual, segura y eficaz de productos secos.\" \/>\n<meta property=\"og:url\" content=\"https:\/\/www.mexcaltruckline.com\/es\/industrias\/logistica-de-alimentos-no-perecederos\/\" \/>\n<meta property=\"og:site_name\" content=\"MexCal Truckline - San Diego-Tijuana Trucking Company\" \/>\n<meta property=\"article:publisher\" content=\"https:\/\/www.facebook.com\/mexcaltrucklineusa\/\" \/>\n<meta property=\"article:modified_time\" content=\"2024-10-14T18:37:00+00:00\" \/>\n<meta property=\"og:image\" content=\"https:\/\/www.mexcaltruckline.com\/wp-content\/uploads\/2024\/10\/non-perishable-food-logistics-section_1-img_1-png-1413%C3%97947-10-10-2024_03_56_PM-min.png\" \/>\n<meta name=\"twitter:card\" content=\"summary_large_image\" \/>\n<meta name=\"twitter:label1\" content=\"Est. reading time\" \/>\n\t<meta name=\"twitter:data1\" content=\"5 minutes\" \/>\n<script type=\"application\/ld+json\" class=\"yoast-schema-graph\">{\"@context\":\"https:\/\/schema.org\",\"@graph\":[{\"@type\":\"WebPage\",\"@id\":\"https:\/\/www.mexcaltruckline.com\/es\/industrias\/logistica-de-alimentos-no-perecederos\/\",\"url\":\"https:\/\/www.mexcaltruckline.com\/es\/industrias\/logistica-de-alimentos-no-perecederos\/\",\"name\":\"Log\u00edstica de alimentos no perecederospagesep%% MexCal Truckline\",\"isPartOf\":{\"@id\":\"https:\/\/www.mexcaltruckline.com\/#website\"},\"primaryImageOfPage\":{\"@id\":\"https:\/\/www.mexcaltruckline.com\/es\/industrias\/logistica-de-alimentos-no-perecederos\/#primaryimage\"},\"image\":{\"@id\":\"https:\/\/www.mexcaltruckline.com\/es\/industrias\/logistica-de-alimentos-no-perecederos\/#primaryimage\"},\"thumbnailUrl\":\"https:\/\/www.mexcaltruckline.com\/wp-content\/uploads\/2024\/10\/non-perishable-food-logistics-section_1-img_1-png-1413\u00d7947-10-10-2024_03_56_PM-min.png\",\"datePublished\":\"2024-03-30T18:27:42+00:00\",\"dateModified\":\"2024-10-14T18:37:00+00:00\",\"description\":\"MexCal Truckline destaca en la log\u00edstica de alimentos no perecederos, ofreciendo m\u00e1s de 40 a\u00f1os de experiencia para garantizar la entrega puntual, segura y eficaz de productos secos.\",\"breadcrumb\":{\"@id\":\"https:\/\/www.mexcaltruckline.com\/es\/industrias\/logistica-de-alimentos-no-perecederos\/#breadcrumb\"},\"inLanguage\":\"es-ES\",\"potentialAction\":[{\"@type\":\"ReadAction\",\"target\":[\"https:\/\/www.mexcaltruckline.com\/es\/industrias\/logistica-de-alimentos-no-perecederos\/\"]}]},{\"@type\":\"ImageObject\",\"inLanguage\":\"es-ES\",\"@id\":\"https:\/\/www.mexcaltruckline.com\/es\/industrias\/logistica-de-alimentos-no-perecederos\/#primaryimage\",\"url\":\"https:\/\/www.mexcaltruckline.com\/wp-content\/uploads\/2024\/10\/non-perishable-food-logistics-section_1-img_1-png-1413\u00d7947-10-10-2024_03_56_PM-min.png\",\"contentUrl\":\"https:\/\/www.mexcaltruckline.com\/wp-content\/uploads\/2024\/10\/non-perishable-food-logistics-section_1-img_1-png-1413\u00d7947-10-10-2024_03_56_PM-min.png\",\"width\":1384,\"height\":936,\"caption\":\"dry goods logistics\"},{\"@type\":\"BreadcrumbList\",\"@id\":\"https:\/\/www.mexcaltruckline.com\/es\/industrias\/logistica-de-alimentos-no-perecederos\/#breadcrumb\",\"itemListElement\":[{\"@type\":\"ListItem\",\"position\":1,\"name\":\"Home\",\"item\":\"https:\/\/www.mexcaltruckline.com\/es\/\"},{\"@type\":\"ListItem\",\"position\":2,\"name\":\"Industrias\",\"item\":\"https:\/\/www.mexcaltruckline.com\/es\/industrias\/\"},{\"@type\":\"ListItem\",\"position\":3,\"name\":\"Log\u00edstica de alimentos no perecederos\"}]},{\"@type\":\"WebSite\",\"@id\":\"https:\/\/www.mexcaltruckline.com\/#website\",\"url\":\"https:\/\/www.mexcaltruckline.com\/\",\"name\":\"MexCal Truckline | Mexico-San Diego Trucking Company\",\"description\":\"On Time, Every Time.\",\"publisher\":{\"@id\":\"https:\/\/www.mexcaltruckline.com\/#organization\"},\"alternateName\":\"Mexcal Truckline\",\"potentialAction\":[{\"@type\":\"SearchAction\",\"target\":{\"@type\":\"EntryPoint\",\"urlTemplate\":\"https:\/\/www.mexcaltruckline.com\/?s={search_term_string}\"},\"query-input\":{\"@type\":\"PropertyValueSpecification\",\"valueRequired\":true,\"valueName\":\"search_term_string\"}}],\"inLanguage\":\"es-ES\"},{\"@type\":\"Organization\",\"@id\":\"https:\/\/www.mexcaltruckline.com\/#organization\",\"name\":\"Mex-Cal Truckline Transportes\",\"url\":\"https:\/\/www.mexcaltruckline.com\/\",\"logo\":{\"@type\":\"ImageObject\",\"inLanguage\":\"es-ES\",\"@id\":\"https:\/\/www.mexcaltruckline.com\/#\/schema\/logo\/image\/\",\"url\":\"https:\/\/www.mexcaltruckline.com\/wp-content\/uploads\/2023\/07\/logo_mex-cal.svg\",\"contentUrl\":\"https:\/\/www.mexcaltruckline.com\/wp-content\/uploads\/2023\/07\/logo_mex-cal.svg\",\"width\":\"1024\",\"height\":\"1024\",\"caption\":\"Mex-Cal Truckline Transportes\"},\"image\":{\"@id\":\"https:\/\/www.mexcaltruckline.com\/#\/schema\/logo\/image\/\"},\"sameAs\":[\"https:\/\/www.facebook.com\/mexcaltrucklineusa\/\",\"https:\/\/www.instagram.com\/mexcaltruckline\/\",\"https:\/\/www.indeed.com\/cmp\/Mex--cal-Truckline\"]}]}<\/script>\n<!-- \/ Yoast SEO plugin. -->","yoast_head_json":{"title":"Log\u00edstica de alimentos no perecederospagesep%% MexCal Truckline","description":"MexCal Truckline destaca en la log\u00edstica de alimentos no perecederos, ofreciendo m\u00e1s de 40 a\u00f1os de experiencia para garantizar la entrega puntual, segura y eficaz de productos secos.","robots":{"index":"index","follow":"follow","max-snippet":"max-snippet:-1","max-image-preview":"max-image-preview:large","max-video-preview":"max-video-preview:-1"},"canonical":"https:\/\/www.mexcaltruckline.com\/es\/industrias\/logistica-de-alimentos-no-perecederos\/","og_locale":"es_ES","og_type":"article","og_title":"Log\u00edstica de alimentos no perecederospagesep%% MexCal Truckline","og_description":"MexCal Truckline destaca en la log\u00edstica de alimentos no perecederos, ofreciendo m\u00e1s de 40 a\u00f1os de experiencia para garantizar la entrega puntual, segura y eficaz de productos secos.","og_url":"https:\/\/www.mexcaltruckline.com\/es\/industrias\/logistica-de-alimentos-no-perecederos\/","og_site_name":"MexCal Truckline - San Diego-Tijuana Trucking Company","article_publisher":"https:\/\/www.facebook.com\/mexcaltrucklineusa\/","article_modified_time":"2024-10-14T18:37:00+00:00","og_image":[{"url":"https:\/\/www.mexcaltruckline.com\/wp-content\/uploads\/2024\/10\/non-perishable-food-logistics-section_1-img_1-png-1413%C3%97947-10-10-2024_03_56_PM-min.png","type":"","width":"","height":""}],"twitter_card":"summary_large_image","twitter_misc":{"Est. reading time":"5 minutes"},"schema":{"@context":"https:\/\/schema.org","@graph":[{"@type":"WebPage","@id":"https:\/\/www.mexcaltruckline.com\/es\/industrias\/logistica-de-alimentos-no-perecederos\/","url":"https:\/\/www.mexcaltruckline.com\/es\/industrias\/logistica-de-alimentos-no-perecederos\/","name":"Log\u00edstica de alimentos no perecederospagesep%% MexCal Truckline","isPartOf":{"@id":"https:\/\/www.mexcaltruckline.com\/#website"},"primaryImageOfPage":{"@id":"https:\/\/www.mexcaltruckline.com\/es\/industrias\/logistica-de-alimentos-no-perecederos\/#primaryimage"},"image":{"@id":"https:\/\/www.mexcaltruckline.com\/es\/industrias\/logistica-de-alimentos-no-perecederos\/#primaryimage"},"thumbnailUrl":"https:\/\/www.mexcaltruckline.com\/wp-content\/uploads\/2024\/10\/non-perishable-food-logistics-section_1-img_1-png-1413\u00d7947-10-10-2024_03_56_PM-min.png","datePublished":"2024-03-30T18:27:42+00:00","dateModified":"2024-10-14T18:37:00+00:00","description":"MexCal Truckline destaca en la log\u00edstica de alimentos no perecederos, ofreciendo m\u00e1s de 40 a\u00f1os de experiencia para garantizar la entrega puntual, segura y eficaz de productos secos.","breadcrumb":{"@id":"https:\/\/www.mexcaltruckline.com\/es\/industrias\/logistica-de-alimentos-no-perecederos\/#breadcrumb"},"inLanguage":"es-ES","potentialAction":[{"@type":"ReadAction","target":["https:\/\/www.mexcaltruckline.com\/es\/industrias\/logistica-de-alimentos-no-perecederos\/"]}]},{"@type":"ImageObject","inLanguage":"es-ES","@id":"https:\/\/www.mexcaltruckline.com\/es\/industrias\/logistica-de-alimentos-no-perecederos\/#primaryimage","url":"https:\/\/www.mexcaltruckline.com\/wp-content\/uploads\/2024\/10\/non-perishable-food-logistics-section_1-img_1-png-1413\u00d7947-10-10-2024_03_56_PM-min.png","contentUrl":"https:\/\/www.mexcaltruckline.com\/wp-content\/uploads\/2024\/10\/non-perishable-food-logistics-section_1-img_1-png-1413\u00d7947-10-10-2024_03_56_PM-min.png","width":1384,"height":936,"caption":"dry goods logistics"},{"@type":"BreadcrumbList","@id":"https:\/\/www.mexcaltruckline.com\/es\/industrias\/logistica-de-alimentos-no-perecederos\/#breadcrumb","itemListElement":[{"@type":"ListItem","position":1,"name":"Home","item":"https:\/\/www.mexcaltruckline.com\/es\/"},{"@type":"ListItem","position":2,"name":"Industrias","item":"https:\/\/www.mexcaltruckline.com\/es\/industrias\/"},{"@type":"ListItem","position":3,"name":"Log\u00edstica de alimentos no perecederos"}]},{"@type":"WebSite","@id":"https:\/\/www.mexcaltruckline.com\/#website","url":"https:\/\/www.mexcaltruckline.com\/","name":"MexCal Truckline | Mexico-San Diego Trucking Company","description":"On Time, Every Time.","publisher":{"@id":"https:\/\/www.mexcaltruckline.com\/#organization"},"alternateName":"Mexcal Truckline","potentialAction":[{"@type":"SearchAction","target":{"@type":"EntryPoint","urlTemplate":"https:\/\/www.mexcaltruckline.com\/?s={search_term_string}"},"query-input":{"@type":"PropertyValueSpecification","valueRequired":true,"valueName":"search_term_string"}}],"inLanguage":"es-ES"},{"@type":"Organization","@id":"https:\/\/www.mexcaltruckline.com\/#organization","name":"Mex-Cal Truckline Transportes","url":"https:\/\/www.mexcaltruckline.com\/","logo":{"@type":"ImageObject","inLanguage":"es-ES","@id":"https:\/\/www.mexcaltruckline.com\/#\/schema\/logo\/image\/","url":"https:\/\/www.mexcaltruckline.com\/wp-content\/uploads\/2023\/07\/logo_mex-cal.svg","contentUrl":"https:\/\/www.mexcaltruckline.com\/wp-content\/uploads\/2023\/07\/logo_mex-cal.svg","width":"1024","height":"1024","caption":"Mex-Cal Truckline Transportes"},"image":{"@id":"https:\/\/www.mexcaltruckline.com\/#\/schema\/logo\/image\/"},"sameAs":["https:\/\/www.facebook.com\/mexcaltrucklineusa\/","https:\/\/www.instagram.com\/mexcaltruckline\/","https:\/\/www.indeed.com\/cmp\/Mex--cal-Truckline"]}]}},"_links":{"self":[{"href":"https:\/\/www.mexcaltruckline.com\/es\/wp-json\/wp\/v2\/pages\/1587","targetHints":{"allow":["GET"]}}],"collection":[{"href":"https:\/\/www.mexcaltruckline.com\/es\/wp-json\/wp\/v2\/pages"}],"about":[{"href":"https:\/\/www.mexcaltruckline.com\/es\/wp-json\/wp\/v2\/types\/page"}],"author":[{"embeddable":true,"href":"https:\/\/www.mexcaltruckline.com\/es\/wp-json\/wp\/v2\/users\/1"}],"replies":[{"embeddable":true,"href":"https:\/\/www.mexcaltruckline.com\/es\/wp-json\/wp\/v2\/comments?post=1587"}],"version-history":[{"count":32,"href":"https:\/\/www.mexcaltruckline.com\/es\/wp-json\/wp\/v2\/pages\/1587\/revisions"}],"predecessor-version":[{"id":4920,"href":"https:\/\/www.mexcaltruckline.com\/es\/wp-json\/wp\/v2\/pages\/1587\/revisions\/4920"}],"up":[{"embeddable":true,"href":"https:\/\/www.mexcaltruckline.com\/es\/wp-json\/wp\/v2\/pages\/1911"}],"wp:featuredmedia":[{"embeddable":true,"href":"https:\/\/www.mexcaltruckline.com\/es\/wp-json\/wp\/v2\/media\/4802"}],"wp:attachment":[{"href":"https:\/\/www.mexcaltruckline.com\/es\/wp-json\/wp\/v2\/media?parent=1587"}],"curies":[{"name":"wp","href":"https:\/\/api.w.org\/{rel}","templated":true}]}}