{"id":1613,"date":"2024-03-30T19:39:36","date_gmt":"2024-03-30T19:39:36","guid":{"rendered":"https:\/\/www.mexcaltruckline.com\/transporte-de-equipos-medicos\/"},"modified":"2025-03-04T22:57:41","modified_gmt":"2025-03-04T22:57:41","slug":"transporte-de-equipos-medicos","status":"publish","type":"page","link":"https:\/\/www.mexcaltruckline.com\/es\/industrias\/transporte-de-equipos-medicos\/","title":{"rendered":"Transporte de equipos m\u00e9dicos"},"content":{"rendered":"<div class=\"wpb-content-wrapper\"><p>[vc_section el_id=&#8221;medical-equipment-transportation-section_0&#8243; el_class=&#8221;bg-size-cover bg-no-repeat bg-center bg-secondary&#8221; css=&#8221;.vc_custom_1711827602588{background-image: url(https:\/\/www.mexcaltruckline.com\/wp-content\/uploads\/2024\/03\/electronics-shipping-solutions-section_0-header-img_1.png?id=1558) !important;}&#8221;][vc_row][vc_column][vc_empty_space height=&#8221;100px&#8221;][vc_row_inner el_class=&#8221;row no-padding-vc&#8221;][vc_column_inner][vc_column_text el_class=&#8221;text-center&#8221;]<\/p>\n<h1 class=\"page-heading no-margin-bottom\">Transporte de equipos m\u00e9dicos<\/h1>\n<p>[\/vc_column_text][\/vc_column_inner][\/vc_row_inner][vc_empty_space height=&#8221;160px&#8221;][\/vc_column][\/vc_row][\/vc_section][vc_section el_id=&#8221;medical-equipment-transportation-section_1&#8243; css=&#8221;.vc_custom_1711988647688{background-image: url(https:\/\/www.mexcaltruckline.com\/wp-content\/uploads\/2024\/04\/medical-equipment-transportation-section_1-bg-img_1.png?id=1672) !important;background-position: center !important;background-repeat: no-repeat !important;background-size: cover !important;}&#8221; el_class=&#8221;hide-bg bg-size-cover bg-no-repeat bg-center&#8221;][vc_row][vc_column][vc_empty_space height=&#8221;90px&#8221; el_class=&#8221;show-for-large&#8221;][vc_row_inner el_class=&#8221;row no-padding-vc&#8221;][vc_column_inner el_class=&#8221;columns small-12 large-6 large-order-0 small-order-1&#8243; width=&#8221;1\/2&#8243;][vc_column_text el_class=&#8221;text-center large-text-left&#8221;]<\/p>\n<h2 class=\"h1 font-weight-bold margin-bottom-2point5rem alt-primary\">Log\u00edstica optimizada de equipos m\u00e9dicos y sanitarios<\/h2>\n<p class=\"no-margin-bottom remove-br\">En una industria definida por directrices reglamentarias, plazos y una necesidad de rentabilidad, Mex-Cal entiende sus distintos retos, y tenemos las herramientas y la experiencia que necesita para superarlos. Con m\u00e1s de 40 a\u00f1os de experiencia en la gesti\u00f3n de <a href=\"https:\/\/www.mexcaltruckline.com\/es\/servicios\/logistica\/\">la log\u00edstica<\/a> para proveedores de atenci\u00f3n sanitaria y equipos m\u00e9dicos <a href=\"https:\/\/www.mexcaltruckline.com\/es\/servicios\/pasos-fronterizos\/\">en EE.UU. y M\u00e9xico<\/a>, ofrecemos soluciones personalizadas que garantizan la puntualidad de los servicios de distribuci\u00f3n sanitaria de cada carga.<\/p>\n<p>[\/vc_column_text][\/vc_column_inner][vc_column_inner el_class=&#8221;columns small-12 large-6 large-order-1 small-order-0&#8243; width=&#8221;1\/2&#8243;][vc_column_text el_class=&#8221;text-center hide-for-large&#8221;]<img loading=\"lazy\" decoding=\"async\" class=\"alignnone size-full wp-image-4904\" src=\"https:\/\/www.mexcaltruckline.com\/wp-content\/uploads\/2024\/10\/medical-equipment-transportation-section_1-img_1-png-1413%C3%97947-10-14-2024_12_16_PM-min.png\" alt=\"Transporte de equipos m\u00e9dicos\" width=\"1401\" height=\"939\">[\/vc_column_text][vc_empty_space height=&#8221;45px&#8221; el_class=&#8221;hide-for-large&#8221;][\/vc_column_inner][\/vc_row_inner][vc_empty_space height=&#8221;90px&#8221; el_class=&#8221;show-for-large&#8221;][vc_empty_space height=&#8221;45px&#8221; el_class=&#8221;hide-for-large&#8221;][\/vc_column][\/vc_row][\/vc_section][vc_section el_id=&#8221;medical-equipment-transportation-section_2&#8243; el_class=&#8221;bg-gradient&#8221;][vc_row][vc_column][vc_empty_space height=&#8221;90px&#8221; el_class=&#8221;show-for-large&#8221;][vc_empty_space height=&#8221;45px&#8221; el_class=&#8221;hide-for-large&#8221;][vc_row_inner el_class=&#8221;row no-padding-vc&#8221;][vc_column_inner][vc_column_text css=&#8221;&#8221; el_class=&#8221;text-center&#8221;]<\/p>\n<h2 class=\"h1 font-weight-bold margin-bottom-2point5rem alt-white\">Gesti\u00f3n Log\u00edstica de Equipos M\u00e9dicos<\/h2>\n<p class=\"no-margin-bottom remove-br alt-white\">Establecer una asociaci\u00f3n duradera con un equipo flexible y adaptable es esencial en el sector de los equipos m\u00e9dicos. Nos enorgullecemos de nuestra profesionalidad y experiencia en el sector, proporcionando servicios de apoyo integrales que eliminan las preocupaciones log\u00edsticas y garantizan un acceso sin fisuras a todos los servicios que necesitas. <\/p>\n<p>[\/vc_column_text][vc_empty_space height=&#8221;90px&#8221; el_class=&#8221;show-for-large&#8221;][vc_empty_space height=&#8221;45px&#8221; el_class=&#8221;hide-for-large&#8221;][\/vc_column_inner][\/vc_row_inner][vc_row_inner el_class=&#8221;row no-padding-vc&#8221;][vc_column_inner width=&#8221;1\/2&#8243;][vc_column_text css=&#8221;&#8221; el_class=&#8221;text-center large-text-left extra-large-padding-right-for-large&#8221;]<\/p>\n<div class=\"row \">\n<div class=\"columns large-2 large-offset-1 small-12 margin-bottom-1rem\"><img decoding=\"async\" class=\"alignnone size-full wp-image-1591\" src=\"\/wp-content\/uploads\/2024\/03\/fruits-logo.svg\" alt=\"\"><\/div>\n<div class=\"columns large-9 small-12\">\n<h4 class=\"font-color-white margin-bottom-1rem\">Experiencia en servicios de la cadena de suministro sanitaria<\/h4>\n<p class=\"font-color-white big\">Con m\u00e1s de cuatro d\u00e9cadas de experiencia en log\u00edstica sanitaria, estamos preparados para hacer frente a la naturaleza exigente y sensible al tiempo de las cadenas de suministro m\u00e9dicas. Desde gestionar dispositivos m\u00e9dicos sensibles hasta garantizar el cumplimiento de estrictos requisitos normativos, ofrecemos las soluciones avanzadas que necesitas. <\/p>\n<\/div>\n<\/div>\n<div class=\"\" style=\"height: 45px;\"><\/div>\n<div class=\"row \">\n<div class=\"columns large-2 large-offset-1 small-12 margin-bottom-1rem\"><img decoding=\"async\" class=\"alignnone size-full wp-image-1523\" src=\"\/wp-content\/uploads\/2024\/03\/award-logo.svg\" alt=\"\"><\/div>\n<div class=\"columns large-9 small-12\">\n<h4 class=\"font-color-white margin-bottom-1rem\">Garant\u00eda de calidad<\/h4>\n<p class=\"font-color-white big\">Comprendemos la importancia cr\u00edtica de mantener la calidad y la seguridad en toda la cadena de suministro. Nuestra flota, instalaciones de almacenamiento y equipos cumplen las normas m\u00e1s estrictas de limpieza y manipulaci\u00f3n segura de equipos m\u00e9dicos, garantizando que tus productos se entregan siempre de forma segura y fiable. <\/p>\n<\/div>\n<\/div>\n<p>[\/vc_column_text][vc_empty_space height=&#8221;45px&#8221; el_class=&#8221;hide-for-large&#8221;][\/vc_column_inner][vc_column_inner width=&#8221;1\/2&#8243;][vc_column_text css=&#8221;&#8221; el_class=&#8221;text-center large-text-left extra-large-padding-right-for-large&#8221;]<\/p>\n<div class=\"row \">\n<div class=\"columns large-2 large-offset-1 small-12 margin-bottom-1rem\"><img decoding=\"async\" class=\"alignnone size-full wp-image-1442\" src=\"\/wp-content\/uploads\/2024\/03\/starred.svg\" alt=\"\"><\/div>\n<div class=\"columns large-9 small-12\">\n<h4 class=\"font-color-white margin-bottom-1rem\">Env\u00edo de equipos m\u00e9dicos todo en uno<\/h4>\n<p class=\"font-color-white big\">Tanto si necesitas aprovisionamiento, almacenamiento, distribuci\u00f3n o entrega de \u00faltima milla para equipos m\u00e9dicos, tenemos la capacidad y los recursos para optimizar cada etapa de tu cadena de suministro. Garantizamos eficacia y fiabilidad de principio a fin. <\/p>\n<\/div>\n<\/div>\n<div class=\"\" style=\"height: 45px;\"><\/div>\n<div class=\"row \">\n<div class=\"columns large-2 large-offset-1 small-12 margin-bottom-1rem\"><img decoding=\"async\" class=\"alignnone size-full wp-image-1444\" src=\"\/wp-content\/uploads\/2024\/03\/boxes.svg\" alt=\"\"><\/div>\n<div class=\"columns large-9 small-12\">\n<h4 class=\"font-color-white margin-bottom-1rem\">Servicios de enlace<\/h4>\n<p class=\"font-color-white big\">Simplifica tu distribuci\u00f3n internacional de equipos m\u00e9dicos con nuestros <a style=\"color: #7ad03a;\" href=\"https:\/\/www.mexcaltruckline.com\/es\/servicios\/transportistas-aduaneros\/\">servicios aduaneros<\/a>. Nuestras soluciones ofrecen el pago diferido de aranceles, reduciendo los gastos generales y garantizando que tus productos lleguen al mercado m\u00e1s r\u00e1pido y frescos. <\/p>\n<\/div>\n<\/div>\n<p>[\/vc_column_text][\/vc_column_inner][\/vc_row_inner][vc_empty_space height=&#8221;90px&#8221; el_class=&#8221;show-for-large&#8221;][vc_empty_space height=&#8221;45px&#8221; el_class=&#8221;hide-for-large&#8221;][\/vc_column][\/vc_row][\/vc_section][vc_section el_id=&#8221;medical-equipment-transportation-section_3&#8243; el_class=&#8221;bg-size-cover bg-no-repeat bg-center hide-bg&#8221; css=&#8221;.vc_custom_1711903062440{background-image: url(https:\/\/www.mexcaltruckline.com\/wp-content\/uploads\/2024\/03\/medical-equipment-transportation-section_3-img_1.png?id=1655) !important;}&#8221;][vc_row][vc_column][vc_empty_space height=&#8221;90px&#8221; el_class=&#8221;show-for-large&#8221;][vc_row_inner el_class=&#8221;row no-padding-vc hide-for-large&#8221;][vc_column_inner width=&#8221;1\/2&#8243;][vc_column_text el_class=&#8221;text-center hide-for-large&#8221;]<img loading=\"lazy\" decoding=\"async\" class=\"alignnone size-full wp-image-1692\" src=\"\/wp-content\/uploads\/2024\/04\/medical-equipment-transportation-section_3-img_2.png\" alt=\"\" width=\"946\" height=\"696\" srcset=\"https:\/\/www.mexcaltruckline.com\/wp-content\/uploads\/2024\/04\/medical-equipment-transportation-section_3-img_2.png 946w, https:\/\/www.mexcaltruckline.com\/wp-content\/uploads\/2024\/04\/medical-equipment-transportation-section_3-img_2-300x221.png 300w, https:\/\/www.mexcaltruckline.com\/wp-content\/uploads\/2024\/04\/medical-equipment-transportation-section_3-img_2-768x565.png 768w\" sizes=\"auto, (max-width: 946px) 100vw, 946px\" \/>[\/vc_column_text][\/vc_column_inner][vc_column_inner width=&#8221;1\/2&#8243;][\/vc_column_inner][\/vc_row_inner][vc_empty_space height=&#8221;24px&#8221; el_class=&#8221;hide-for-large&#8221;][vc_row_inner el_class=&#8221;row no-padding-vc&#8221;][vc_column_inner width=&#8221;1\/2&#8243;][\/vc_column_inner][vc_column_inner width=&#8221;1\/2&#8243;][vc_column_text css=&#8221;&#8221; el_class=&#8221;text-center large-text-left extra-big-padding-left-for-large&#8221;]<\/p>\n<h2 class=\"h1 font-color-primary remove-br margin-bottom-2rem\">M\u00e1xima seguridad<\/h2>\n<p class=\" margin-bottom-1point5rem big\">Una seguridad eficaz es primordial cuando se transportan equipos m\u00e9dicos a trav\u00e9s de las fronteras. Damos prioridad a la seguridad aplicando medidas de seguridad de primer nivel. Cada cami\u00f3n se somete a una minuciosa inspecci\u00f3n de 21 puntos realizada por nuestra unidad K9 certificada. Durante todo el trayecto, tu cami\u00f3n est\u00e1 vigilado por GPS 24 horas al d\u00eda, 7 d\u00edas a la semana, hasta que llega sano y salvo a su destino. Adem\u00e1s, nuestro patio est\u00e1 protegido con guardias armados y vigilancia constante.  <\/p>\n<p>[\/vc_column_text][\/vc_column_inner][\/vc_row_inner][vc_empty_space height=&#8221;90px&#8221; el_class=&#8221;show-for-large&#8221;][vc_empty_space height=&#8221;45px&#8221; el_class=&#8221;hide-for-large&#8221;][\/vc_column][\/vc_row][\/vc_section]<\/p>\n<\/div>","protected":false},"excerpt":{"rendered":"<p>[vc_section el_id=&#8221;medical-equipment-transportation-section_0&#8243; el_class=&#8221;bg-size-cover bg-no-repeat bg-center bg-secondary&#8221; css=&#8221;.vc_custom_1711827602588{background-image: url(https:\/\/www.mexcaltruckline.com\/wp-content\/uploads\/2024\/03\/electronics-shipping-solutions-section_0-header-img_1.png?id=1558) !important;}&#8221;][vc_row][vc_column][vc_empty_space height=&#8221;100px&#8221;][vc_row_inner el_class=&#8221;row no-padding-vc&#8221;][vc_column_inner][vc_column_text el_class=&#8221;text-center&#8221;] Transporte de equipos m\u00e9dicos [\/vc_column_text][\/vc_column_inner][\/vc_row_inner][vc_empty_space height=&#8221;160px&#8221;][\/vc_column][\/vc_row][\/vc_section][vc_section el_id=&#8221;medical-equipment-transportation-section_1&#8243; css=&#8221;.vc_custom_1711988647688{background-image: url(https:\/\/www.mexcaltruckline.com\/wp-content\/uploads\/2024\/04\/medical-equipment-transportation-section_1-bg-img_1.png?id=1672) !important;background-position: center !important;background-repeat: no-repeat !important;background-size: cover !important;}&#8221; el_class=&#8221;hide-bg bg-size-cover bg-no-repeat bg-center&#8221;][vc_row][vc_column][vc_empty_space height=&#8221;90px&#8221; el_class=&#8221;show-for-large&#8221;][vc_row_inner el_class=&#8221;row no-padding-vc&#8221;][vc_column_inner el_class=&#8221;columns small-12 large-6 large-order-0 small-order-1&#8243; width=&#8221;1\/2&#8243;][vc_column_text el_class=&#8221;text-center large-text-left&#8221;] Log\u00edstica optimizada de equipos m\u00e9dicos y sanitarios En una industria<a class=\"excerpt-read-more\" href=\"https:\/\/www.mexcaltruckline.com\/es\/industrias\/transporte-de-equipos-medicos\/\" title=\"ReadTransporte de equipos m\u00e9dicos\">&#8230; Read more &raquo;<\/a><\/p>\n","protected":false},"author":1,"featured_media":4905,"parent":1911,"menu_order":0,"comment_status":"closed","ping_status":"closed","template":"template-visual-builder.php","meta":{"inline_featured_image":false,"footnotes":""},"class_list":["post-1613","page","type-page","status-publish","has-post-thumbnail","hentry"],"yoast_head":"<!-- This site is optimized with the Yoast SEO plugin v26.9 - https:\/\/yoast.com\/product\/yoast-seo-wordpress\/ -->\n<title>Transporte de equipos m\u00e9dicos | MexCal Truckline<\/title>\n<meta name=\"description\" content=\"MexCal Truckline destaca en la log\u00edstica de alimentos m\u00e9dicos y atenci\u00f3n sanitaria. Soluciones a medida. Experiencia transfronteriza en EE.UU. y M\u00e9xico.\" \/>\n<meta name=\"robots\" content=\"index, follow, max-snippet:-1, max-image-preview:large, max-video-preview:-1\" \/>\n<link rel=\"canonical\" href=\"https:\/\/www.mexcaltruckline.com\/es\/industrias\/transporte-de-equipos-medicos\/\" \/>\n<meta property=\"og:locale\" content=\"es_ES\" \/>\n<meta property=\"og:type\" content=\"article\" \/>\n<meta property=\"og:title\" content=\"Transporte de equipos m\u00e9dicos | MexCal Truckline\" \/>\n<meta property=\"og:description\" content=\"MexCal Truckline destaca en la log\u00edstica de alimentos m\u00e9dicos y atenci\u00f3n sanitaria. Soluciones a medida. Experiencia transfronteriza en EE.UU. y M\u00e9xico.\" \/>\n<meta property=\"og:url\" content=\"https:\/\/www.mexcaltruckline.com\/es\/industrias\/transporte-de-equipos-medicos\/\" \/>\n<meta property=\"og:site_name\" content=\"MexCal Truckline - San Diego-Tijuana Trucking Company\" \/>\n<meta property=\"article:publisher\" content=\"https:\/\/www.facebook.com\/mexcaltrucklineusa\/\" \/>\n<meta property=\"article:modified_time\" content=\"2025-03-04T22:57:41+00:00\" \/>\n<meta property=\"og:image\" content=\"https:\/\/www.mexcaltruckline.com\/wp-content\/uploads\/2024\/10\/medical-equipment-transportation-section_1-img_1-png-1413\u00d7947-10-14-2024_12_16_PM-min.png\" \/>\n\t<meta property=\"og:image:width\" content=\"1401\" \/>\n\t<meta property=\"og:image:height\" content=\"939\" \/>\n\t<meta property=\"og:image:type\" content=\"image\/png\" \/>\n<meta name=\"twitter:card\" content=\"summary_large_image\" \/>\n<meta name=\"twitter:label1\" content=\"Est. reading time\" \/>\n\t<meta name=\"twitter:data1\" content=\"5 minutes\" \/>\n<script type=\"application\/ld+json\" class=\"yoast-schema-graph\">{\"@context\":\"https:\/\/schema.org\",\"@graph\":[{\"@type\":\"WebPage\",\"@id\":\"https:\/\/www.mexcaltruckline.com\/es\/industrias\/transporte-de-equipos-medicos\/\",\"url\":\"https:\/\/www.mexcaltruckline.com\/es\/industrias\/transporte-de-equipos-medicos\/\",\"name\":\"Transporte de equipos m\u00e9dicos | MexCal Truckline\",\"isPartOf\":{\"@id\":\"https:\/\/www.mexcaltruckline.com\/#website\"},\"primaryImageOfPage\":{\"@id\":\"https:\/\/www.mexcaltruckline.com\/es\/industrias\/transporte-de-equipos-medicos\/#primaryimage\"},\"image\":{\"@id\":\"https:\/\/www.mexcaltruckline.com\/es\/industrias\/transporte-de-equipos-medicos\/#primaryimage\"},\"thumbnailUrl\":\"https:\/\/www.mexcaltruckline.com\/wp-content\/uploads\/2024\/10\/medical-equipment-transportation-section_1-img_1-png-1413\u00d7947-10-14-2024_12_16_PM-min.png\",\"datePublished\":\"2024-03-30T19:39:36+00:00\",\"dateModified\":\"2025-03-04T22:57:41+00:00\",\"description\":\"MexCal Truckline destaca en la log\u00edstica de alimentos m\u00e9dicos y atenci\u00f3n sanitaria. Soluciones a medida. Experiencia transfronteriza en EE.UU. y M\u00e9xico.\",\"breadcrumb\":{\"@id\":\"https:\/\/www.mexcaltruckline.com\/es\/industrias\/transporte-de-equipos-medicos\/#breadcrumb\"},\"inLanguage\":\"es-ES\",\"potentialAction\":[{\"@type\":\"ReadAction\",\"target\":[\"https:\/\/www.mexcaltruckline.com\/es\/industrias\/transporte-de-equipos-medicos\/\"]}]},{\"@type\":\"ImageObject\",\"inLanguage\":\"es-ES\",\"@id\":\"https:\/\/www.mexcaltruckline.com\/es\/industrias\/transporte-de-equipos-medicos\/#primaryimage\",\"url\":\"https:\/\/www.mexcaltruckline.com\/wp-content\/uploads\/2024\/10\/medical-equipment-transportation-section_1-img_1-png-1413\u00d7947-10-14-2024_12_16_PM-min.png\",\"contentUrl\":\"https:\/\/www.mexcaltruckline.com\/wp-content\/uploads\/2024\/10\/medical-equipment-transportation-section_1-img_1-png-1413\u00d7947-10-14-2024_12_16_PM-min.png\",\"width\":1401,\"height\":939,\"caption\":\"Medical Equipment. Personal medical.\"},{\"@type\":\"BreadcrumbList\",\"@id\":\"https:\/\/www.mexcaltruckline.com\/es\/industrias\/transporte-de-equipos-medicos\/#breadcrumb\",\"itemListElement\":[{\"@type\":\"ListItem\",\"position\":1,\"name\":\"Home\",\"item\":\"https:\/\/www.mexcaltruckline.com\/es\/\"},{\"@type\":\"ListItem\",\"position\":2,\"name\":\"Industrias\",\"item\":\"https:\/\/www.mexcaltruckline.com\/es\/industrias\/\"},{\"@type\":\"ListItem\",\"position\":3,\"name\":\"Transporte de equipos m\u00e9dicos\"}]},{\"@type\":\"WebSite\",\"@id\":\"https:\/\/www.mexcaltruckline.com\/#website\",\"url\":\"https:\/\/www.mexcaltruckline.com\/\",\"name\":\"MexCal Truckline | Mexico-San Diego Trucking Company\",\"description\":\"On Time, Every Time.\",\"publisher\":{\"@id\":\"https:\/\/www.mexcaltruckline.com\/#organization\"},\"alternateName\":\"Mexcal Truckline\",\"potentialAction\":[{\"@type\":\"SearchAction\",\"target\":{\"@type\":\"EntryPoint\",\"urlTemplate\":\"https:\/\/www.mexcaltruckline.com\/?s={search_term_string}\"},\"query-input\":{\"@type\":\"PropertyValueSpecification\",\"valueRequired\":true,\"valueName\":\"search_term_string\"}}],\"inLanguage\":\"es-ES\"},{\"@type\":\"Organization\",\"@id\":\"https:\/\/www.mexcaltruckline.com\/#organization\",\"name\":\"Mex-Cal Truckline Transportes\",\"url\":\"https:\/\/www.mexcaltruckline.com\/\",\"logo\":{\"@type\":\"ImageObject\",\"inLanguage\":\"es-ES\",\"@id\":\"https:\/\/www.mexcaltruckline.com\/#\/schema\/logo\/image\/\",\"url\":\"https:\/\/www.mexcaltruckline.com\/wp-content\/uploads\/2023\/07\/logo_mex-cal.svg\",\"contentUrl\":\"https:\/\/www.mexcaltruckline.com\/wp-content\/uploads\/2023\/07\/logo_mex-cal.svg\",\"width\":\"1024\",\"height\":\"1024\",\"caption\":\"Mex-Cal Truckline Transportes\"},\"image\":{\"@id\":\"https:\/\/www.mexcaltruckline.com\/#\/schema\/logo\/image\/\"},\"sameAs\":[\"https:\/\/www.facebook.com\/mexcaltrucklineusa\/\",\"https:\/\/www.instagram.com\/mexcaltruckline\/\",\"https:\/\/www.indeed.com\/cmp\/Mex--cal-Truckline\"]}]}<\/script>\n<!-- \/ Yoast SEO plugin. -->","yoast_head_json":{"title":"Transporte de equipos m\u00e9dicos | MexCal Truckline","description":"MexCal Truckline destaca en la log\u00edstica de alimentos m\u00e9dicos y atenci\u00f3n sanitaria. Soluciones a medida. Experiencia transfronteriza en EE.UU. y M\u00e9xico.","robots":{"index":"index","follow":"follow","max-snippet":"max-snippet:-1","max-image-preview":"max-image-preview:large","max-video-preview":"max-video-preview:-1"},"canonical":"https:\/\/www.mexcaltruckline.com\/es\/industrias\/transporte-de-equipos-medicos\/","og_locale":"es_ES","og_type":"article","og_title":"Transporte de equipos m\u00e9dicos | MexCal Truckline","og_description":"MexCal Truckline destaca en la log\u00edstica de alimentos m\u00e9dicos y atenci\u00f3n sanitaria. Soluciones a medida. Experiencia transfronteriza en EE.UU. y M\u00e9xico.","og_url":"https:\/\/www.mexcaltruckline.com\/es\/industrias\/transporte-de-equipos-medicos\/","og_site_name":"MexCal Truckline - San Diego-Tijuana Trucking Company","article_publisher":"https:\/\/www.facebook.com\/mexcaltrucklineusa\/","article_modified_time":"2025-03-04T22:57:41+00:00","og_image":[{"width":1401,"height":939,"url":"https:\/\/www.mexcaltruckline.com\/wp-content\/uploads\/2024\/10\/medical-equipment-transportation-section_1-img_1-png-1413\u00d7947-10-14-2024_12_16_PM-min.png","type":"image\/png"}],"twitter_card":"summary_large_image","twitter_misc":{"Est. reading time":"5 minutes"},"schema":{"@context":"https:\/\/schema.org","@graph":[{"@type":"WebPage","@id":"https:\/\/www.mexcaltruckline.com\/es\/industrias\/transporte-de-equipos-medicos\/","url":"https:\/\/www.mexcaltruckline.com\/es\/industrias\/transporte-de-equipos-medicos\/","name":"Transporte de equipos m\u00e9dicos | MexCal Truckline","isPartOf":{"@id":"https:\/\/www.mexcaltruckline.com\/#website"},"primaryImageOfPage":{"@id":"https:\/\/www.mexcaltruckline.com\/es\/industrias\/transporte-de-equipos-medicos\/#primaryimage"},"image":{"@id":"https:\/\/www.mexcaltruckline.com\/es\/industrias\/transporte-de-equipos-medicos\/#primaryimage"},"thumbnailUrl":"https:\/\/www.mexcaltruckline.com\/wp-content\/uploads\/2024\/10\/medical-equipment-transportation-section_1-img_1-png-1413\u00d7947-10-14-2024_12_16_PM-min.png","datePublished":"2024-03-30T19:39:36+00:00","dateModified":"2025-03-04T22:57:41+00:00","description":"MexCal Truckline destaca en la log\u00edstica de alimentos m\u00e9dicos y atenci\u00f3n sanitaria. Soluciones a medida. Experiencia transfronteriza en EE.UU. y M\u00e9xico.","breadcrumb":{"@id":"https:\/\/www.mexcaltruckline.com\/es\/industrias\/transporte-de-equipos-medicos\/#breadcrumb"},"inLanguage":"es-ES","potentialAction":[{"@type":"ReadAction","target":["https:\/\/www.mexcaltruckline.com\/es\/industrias\/transporte-de-equipos-medicos\/"]}]},{"@type":"ImageObject","inLanguage":"es-ES","@id":"https:\/\/www.mexcaltruckline.com\/es\/industrias\/transporte-de-equipos-medicos\/#primaryimage","url":"https:\/\/www.mexcaltruckline.com\/wp-content\/uploads\/2024\/10\/medical-equipment-transportation-section_1-img_1-png-1413\u00d7947-10-14-2024_12_16_PM-min.png","contentUrl":"https:\/\/www.mexcaltruckline.com\/wp-content\/uploads\/2024\/10\/medical-equipment-transportation-section_1-img_1-png-1413\u00d7947-10-14-2024_12_16_PM-min.png","width":1401,"height":939,"caption":"Medical Equipment. Personal medical."},{"@type":"BreadcrumbList","@id":"https:\/\/www.mexcaltruckline.com\/es\/industrias\/transporte-de-equipos-medicos\/#breadcrumb","itemListElement":[{"@type":"ListItem","position":1,"name":"Home","item":"https:\/\/www.mexcaltruckline.com\/es\/"},{"@type":"ListItem","position":2,"name":"Industrias","item":"https:\/\/www.mexcaltruckline.com\/es\/industrias\/"},{"@type":"ListItem","position":3,"name":"Transporte de equipos m\u00e9dicos"}]},{"@type":"WebSite","@id":"https:\/\/www.mexcaltruckline.com\/#website","url":"https:\/\/www.mexcaltruckline.com\/","name":"MexCal Truckline | Mexico-San Diego Trucking Company","description":"On Time, Every Time.","publisher":{"@id":"https:\/\/www.mexcaltruckline.com\/#organization"},"alternateName":"Mexcal Truckline","potentialAction":[{"@type":"SearchAction","target":{"@type":"EntryPoint","urlTemplate":"https:\/\/www.mexcaltruckline.com\/?s={search_term_string}"},"query-input":{"@type":"PropertyValueSpecification","valueRequired":true,"valueName":"search_term_string"}}],"inLanguage":"es-ES"},{"@type":"Organization","@id":"https:\/\/www.mexcaltruckline.com\/#organization","name":"Mex-Cal Truckline Transportes","url":"https:\/\/www.mexcaltruckline.com\/","logo":{"@type":"ImageObject","inLanguage":"es-ES","@id":"https:\/\/www.mexcaltruckline.com\/#\/schema\/logo\/image\/","url":"https:\/\/www.mexcaltruckline.com\/wp-content\/uploads\/2023\/07\/logo_mex-cal.svg","contentUrl":"https:\/\/www.mexcaltruckline.com\/wp-content\/uploads\/2023\/07\/logo_mex-cal.svg","width":"1024","height":"1024","caption":"Mex-Cal Truckline Transportes"},"image":{"@id":"https:\/\/www.mexcaltruckline.com\/#\/schema\/logo\/image\/"},"sameAs":["https:\/\/www.facebook.com\/mexcaltrucklineusa\/","https:\/\/www.instagram.com\/mexcaltruckline\/","https:\/\/www.indeed.com\/cmp\/Mex--cal-Truckline"]}]}},"_links":{"self":[{"href":"https:\/\/www.mexcaltruckline.com\/es\/wp-json\/wp\/v2\/pages\/1613","targetHints":{"allow":["GET"]}}],"collection":[{"href":"https:\/\/www.mexcaltruckline.com\/es\/wp-json\/wp\/v2\/pages"}],"about":[{"href":"https:\/\/www.mexcaltruckline.com\/es\/wp-json\/wp\/v2\/types\/page"}],"author":[{"embeddable":true,"href":"https:\/\/www.mexcaltruckline.com\/es\/wp-json\/wp\/v2\/users\/1"}],"replies":[{"embeddable":true,"href":"https:\/\/www.mexcaltruckline.com\/es\/wp-json\/wp\/v2\/comments?post=1613"}],"version-history":[{"count":34,"href":"https:\/\/www.mexcaltruckline.com\/es\/wp-json\/wp\/v2\/pages\/1613\/revisions"}],"predecessor-version":[{"id":19570,"href":"https:\/\/www.mexcaltruckline.com\/es\/wp-json\/wp\/v2\/pages\/1613\/revisions\/19570"}],"up":[{"embeddable":true,"href":"https:\/\/www.mexcaltruckline.com\/es\/wp-json\/wp\/v2\/pages\/1911"}],"wp:featuredmedia":[{"embeddable":true,"href":"https:\/\/www.mexcaltruckline.com\/es\/wp-json\/wp\/v2\/media\/4905"}],"wp:attachment":[{"href":"https:\/\/www.mexcaltruckline.com\/es\/wp-json\/wp\/v2\/media?parent=1613"}],"curies":[{"name":"wp","href":"https:\/\/api.w.org\/{rel}","templated":true}]}}