{"id":1624,"date":"2024-03-31T15:49:10","date_gmt":"2024-03-31T15:49:10","guid":{"rendered":"https:\/\/www.mexcaltruckline.com\/servicios-de-transporte-de-maquinaria-pesada\/"},"modified":"2025-03-04T23:08:48","modified_gmt":"2025-03-04T23:08:48","slug":"servicios-de-transporte-de-maquinaria-pesada","status":"publish","type":"page","link":"https:\/\/www.mexcaltruckline.com\/es\/industrias\/servicios-de-transporte-de-maquinaria-pesada\/","title":{"rendered":"Servicios de transporte de maquinaria pesada"},"content":{"rendered":"<div class=\"wpb-content-wrapper\"><p>[vc_section el_id=&#8221;heavy-machinery-transport-services-section_0&#8243; el_class=&#8221;bg-size-cover bg-no-repeat bg-center bg-secondary&#8221; css=&#8221;.vc_custom_1711900185994{background-image: url(https:\/\/www.mexcaltruckline.com\/wp-content\/uploads\/2024\/03\/electronics-shipping-solutions-section_0-header-img_1.png?id=1558) !important;}&#8221;][vc_row][vc_column][vc_empty_space height=&#8221;100px&#8221;][vc_row_inner el_class=&#8221;row no-padding-vc&#8221;][vc_column_inner][vc_column_text css=&#8221;&#8221; el_class=&#8221;text-center&#8221;]<\/p>\n<h1 class=\"page-heading no-margin-bottom\">Servicios de transporte de maquinaria pesada<\/h1>\n<p>[\/vc_column_text][\/vc_column_inner][\/vc_row_inner][vc_empty_space height=&#8221;160px&#8221;][\/vc_column][\/vc_row][\/vc_section][vc_section el_id=&#8221;heavy-machinery-transport-services-section_1&#8243; css=&#8221;.vc_custom_1711991450297{background-image: url(https:\/\/www.mexcaltruckline.com\/wp-content\/uploads\/2024\/04\/heavy-machinery-transport-services-section_1-bg-img_1.png?id=1735) !important;background-position: center !important;background-repeat: no-repeat !important;background-size: cover !important;}&#8221; el_class=&#8221;bg-size-cover bg-no-repeat bg-center hide-bg&#8221;][vc_row][vc_column][vc_empty_space height=&#8221;90px&#8221; el_class=&#8221;show-for-large&#8221;][vc_row_inner el_class=&#8221;row no-padding-vc&#8221;][vc_column_inner el_class=&#8221;columns small-12 large-6 large-order-0 small-order-1&#8243; width=&#8221;1\/2&#8243;][vc_column_text el_class=&#8221;text-center large-text-left&#8221;]<\/p>\n<h2 class=\"h1 font-weight-bold margin-bottom-2point5rem alt-primary\">Log\u00edstica de fabricaci\u00f3n industrial con experiencia<\/h2>\n<p class=\"no-margin-bottom remove-br\">En una industria donde la puntualidad es esencial, la complejidad es una forma de vida, y los reglamentos pueden cambiar a menudo, Mex-Cal ha desarrollado un enfoque que se adapta a usted, informado por la experiencia y centrado en la puntualidad. Conf\u00ede en nosotros para aprovechar nuestros m\u00e1s de 40 a\u00f1os de experiencia en log\u00edstica de fabricaci\u00f3n industrial para ofrecer soluciones puntuales y justo a tiempo para sus necesidades espec\u00edficas.<\/p>\n<p>[\/vc_column_text][\/vc_column_inner][vc_column_inner el_class=&#8221;columns small-12 large-6 large-order-1 small-order-0&#8243; width=&#8221;1\/2&#8243;][vc_column_text el_class=&#8221;text-center hide-for-large&#8221;]<img loading=\"lazy\" decoding=\"async\" class=\"alignnone size-full wp-image-4815\" src=\"https:\/\/www.mexcaltruckline.com\/wp-content\/uploads\/2024\/10\/heavy-machinery-transport-services-section_1-img_1-png-1413%C3%97947-10-10-2024_04_16_PM-min.png\" alt=\"Transporte de maquinaria pesada\" width=\"1397\" height=\"932\">[\/vc_column_text][vc_empty_space height=&#8221;45px&#8221; el_class=&#8221;hide-for-large&#8221;][\/vc_column_inner][\/vc_row_inner][vc_empty_space height=&#8221;90px&#8221; el_class=&#8221;show-for-large&#8221;][vc_empty_space height=&#8221;45px&#8221; el_class=&#8221;hide-for-large&#8221;][\/vc_column][\/vc_row][\/vc_section][vc_section el_id=&#8221;heavy-machinery-transport-services-section_2&#8243; el_class=&#8221;bg-gradient&#8221;][vc_row][vc_column][vc_empty_space height=&#8221;90px&#8221; el_class=&#8221;show-for-large&#8221;][vc_empty_space height=&#8221;45px&#8221; el_class=&#8221;hide-for-large&#8221;][vc_row_inner el_class=&#8221;row no-padding-vc&#8221;][vc_column_inner][vc_column_text css=&#8221;&#8221; el_class=&#8221;text-center&#8221;]<\/p>\n<h2 class=\"h1 font-weight-bold margin-bottom-2point5rem alt-white\">Maquinaria Pesada Camiones Soluciones Log\u00edsticas<\/h2>\n<p class=\"no-margin-bottom remove-br alt-white\">Establezca una asociaci\u00f3n duradera con un equipo flexible y adaptable, caracterizado por su profesionalidad y experiencia en el sector. Nuestros completos servicios de apoyo eliminan las preocupaciones log\u00edsticas, facilitando el acceso a todos los servicios que necesita.<\/p>\n<p>[\/vc_column_text][vc_empty_space height=&#8221;90px&#8221; el_class=&#8221;show-for-large&#8221;][vc_empty_space height=&#8221;45px&#8221; el_class=&#8221;hide-for-large&#8221;][\/vc_column_inner][\/vc_row_inner][vc_row_inner el_class=&#8221;row no-padding-vc&#8221;][vc_column_inner width=&#8221;1\/2&#8243;][vc_column_text el_class=&#8221;text-center large-text-left extra-large-padding-right-for-large&#8221;]<\/p>\n<div class=\"row \">\n<div class=\"columns large-2 large-offset-1 small-12 margin-bottom-1rem\"><img decoding=\"async\" class=\"alignnone size-full wp-image-1633\" src=\"\/wp-content\/uploads\/2024\/03\/manufacturing-logo.svg\" alt=\"\"><\/div>\n<div class=\"columns large-9 small-12\">\n<h4 class=\"font-color-white margin-bottom-1rem\">Experiencia en log\u00edstica de fabricaci\u00f3n industrial<\/h4>\n<p class=\"font-color-white big\">Conocemos los entresijos de la fabricaci\u00f3n industrial y nos hemos equipado con la flota moderna, los almacenes de alta seguridad que cumplen la normativa C-TPAT y la experiencia log\u00edstica que necesita para superar todos los obst\u00e1culos. Aprovechamos esta experiencia para desarrollar estrategias log\u00edsticas innovadoras y eficientes adaptadas a sus necesidades espec\u00edficas.<\/p>\n<\/div>\n<\/div>\n<div class=\"\" style=\"height: 45px;\"><\/div>\n<div class=\"row \">\n<div class=\"columns large-2 large-offset-1 small-12 margin-bottom-1rem\"><a href=\"https:\/\/www.mexcaltruckline.com\/es\/servicios\/logistica\/\"><img decoding=\"async\" class=\"alignnone size-full wp-image-1578\" src=\"\/wp-content\/uploads\/2024\/03\/navigation-logo.svg\" alt=\"\"><\/a><\/div>\n<div class=\"columns large-9 small-12\">\n<h4 class=\"font-color-white margin-bottom-1rem\">Gesti\u00f3n log\u00edstica de f\u00e1bricas<\/h4>\n<p class=\"font-color-white big\">M\u00e1s all\u00e1 de los servicios de transporte tradicionales, aportamos soluciones de vanguardia desarrolladas a partir de nuestra amplia experiencia en transporte y log\u00edstica. Perm\u00edtanos optimizar la planificaci\u00f3n de rutas, el seguimiento de env\u00edos y mucho m\u00e1s.<\/p>\n<\/div>\n<\/div>\n<p>[\/vc_column_text][vc_empty_space height=&#8221;45px&#8221; el_class=&#8221;hide-for-large&#8221;][\/vc_column_inner][vc_column_inner width=&#8221;1\/2&#8243;][vc_column_text el_class=&#8221;text-center large-text-left extra-large-padding-right-for-large&#8221;]<\/p>\n<div class=\"row \">\n<div class=\"columns large-2 large-offset-1 small-12 margin-bottom-1rem\"><img decoding=\"async\" class=\"alignnone size-full wp-image-1442\" src=\"\/wp-content\/uploads\/2024\/03\/starred.svg\" alt=\"\"><\/div>\n<div class=\"columns large-9 small-12\">\n<h4 class=\"font-color-white margin-bottom-1rem\">Env\u00edo de maquinaria pesada todo en uno<\/h4>\n<p class=\"font-color-white big\">Desde la recogida de cargas en la planta hasta su entrega en el \u00faltimo kil\u00f3metro, a trav\u00e9s de las fronteras, o en almacenes seguros en patios de \u00faltima generaci\u00f3n, tenemos soluciones para cada necesidad. Se acab\u00f3 el ir de empresa en empresa para improvisar soluciones log\u00edsticas de fabricaci\u00f3n industrial. Lo hacemos todo.<\/p>\n<\/div>\n<\/div>\n<div class=\"\" style=\"height: 45px;\"><\/div>\n<div class=\"row \">\n<div class=\"columns large-2 large-offset-1 small-12 margin-bottom-1rem\"><a href=\"https:\/\/www.mexcaltruckline.com\/es\/servicios\/transportistas-aduaneros\/\"><img decoding=\"async\" class=\"alignnone size-full wp-image-1444\" src=\"\/wp-content\/uploads\/2024\/03\/boxes.svg\" alt=\"\"><\/a><\/div>\n<div class=\"columns large-9 small-12\">\n<h4 class=\"font-color-white margin-bottom-1rem\">Servicios de enlace<\/h4>\n<p class=\"font-color-white big\">Forje v\u00ednculos m\u00e1s s\u00f3lidos en su cadena de suministro de fabricaci\u00f3n con nuestros servicios de servidumbre. Experimente las ventajas del transporte de materias primas y maquinaria con derechos de aduana diferidos, mejorando su flexibilidad operativa y reduciendo costes. Transforme su log\u00edstica global, env\u00edo a env\u00edo.<\/p>\n<\/div>\n<\/div>\n<p>[\/vc_column_text][\/vc_column_inner][\/vc_row_inner][vc_empty_space height=&#8221;90px&#8221; el_class=&#8221;show-for-large&#8221;][vc_empty_space height=&#8221;45px&#8221; el_class=&#8221;hide-for-large&#8221;][\/vc_column][\/vc_row][\/vc_section][vc_section el_id=&#8221;heavy-machinery-transport-services-section_3&#8243; el_class=&#8221;bg-size-cover bg-no-repeat bg-center hide-bg&#8221; css=&#8221;.vc_custom_1711901287008{background-image: url(https:\/\/www.mexcaltruckline.com\/wp-content\/uploads\/2024\/03\/heavy-machinery-transport-services-section_3-bg-img_1.png?id=1635) !important;}&#8221;][vc_row][vc_column][vc_empty_space height=&#8221;90px&#8221; el_class=&#8221;show-for-large&#8221;][vc_row_inner el_class=&#8221;row no-padding-vc hide-for-large&#8221;][vc_column_inner width=&#8221;1\/2&#8243;][vc_column_text el_class=&#8221;text-center hide-for-large&#8221;]<img loading=\"lazy\" decoding=\"async\" class=\"alignnone size-full wp-image-1737\" src=\"\/wp-content\/uploads\/2024\/04\/heavy-machinery-transport-services-section_3-img_1.png\" alt=\"\" width=\"946\" height=\"696\" srcset=\"https:\/\/www.mexcaltruckline.com\/wp-content\/uploads\/2024\/04\/heavy-machinery-transport-services-section_3-img_1.png 946w, https:\/\/www.mexcaltruckline.com\/wp-content\/uploads\/2024\/04\/heavy-machinery-transport-services-section_3-img_1-300x221.png 300w, https:\/\/www.mexcaltruckline.com\/wp-content\/uploads\/2024\/04\/heavy-machinery-transport-services-section_3-img_1-768x565.png 768w\" sizes=\"auto, (max-width: 946px) 100vw, 946px\" \/>[\/vc_column_text][\/vc_column_inner][vc_column_inner width=&#8221;1\/2&#8243;][\/vc_column_inner][\/vc_row_inner][vc_empty_space height=&#8221;24px&#8221; el_class=&#8221;hide-for-large&#8221;][vc_row_inner el_class=&#8221;row no-padding-vc&#8221;][vc_column_inner width=&#8221;1\/2&#8243;][\/vc_column_inner][vc_column_inner width=&#8221;1\/2&#8243;][vc_column_text el_class=&#8221;text-center large-text-left extra-big-padding-left-for-large&#8221;]<\/p>\n<h2 class=\"h1 font-color-primary remove-br margin-bottom-2rem\">Seguridad de vanguardia<\/h2>\n<p class=\" margin-bottom-1point5rem big\">La seguridad es fundamental para el \u00e9xito de la log\u00edstica de fabricaci\u00f3n industrial. En Mex-Cal, utilizamos caracter\u00edsticas de seguridad de vanguardia a lo largo de cada paso de la cadena de suministro para mantener sus cargas seguras. Estos son algunos de los elementos de seguridad que incorporamos a su experiencia:<\/p>\n<ul class=\"big no-bullet list-icon text-left\">\n<li>Inspecciones de 21 puntos<\/li>\n<li>Perros rastreadores K-9<\/li>\n<li>control<\/li>\n<li>Vigilancia 24\/7<\/li>\n<li>Astilleros conformes con C-TPAT<\/li>\n<li>Conductores con experiencia<\/li>\n<\/ul>\n<p>[\/vc_column_text][\/vc_column_inner][\/vc_row_inner][vc_empty_space height=&#8221;90px&#8221; el_class=&#8221;show-for-large&#8221;][vc_empty_space height=&#8221;45px&#8221; el_class=&#8221;hide-for-large&#8221;][\/vc_column][\/vc_row][\/vc_section]<\/p>\n<\/div>","protected":false},"excerpt":{"rendered":"<p>[vc_section el_id=&#8221;heavy-machinery-transport-services-section_0&#8243; el_class=&#8221;bg-size-cover bg-no-repeat bg-center bg-secondary&#8221; css=&#8221;.vc_custom_1711900185994{background-image: url(https:\/\/www.mexcaltruckline.com\/wp-content\/uploads\/2024\/03\/electronics-shipping-solutions-section_0-header-img_1.png?id=1558) !important;}&#8221;][vc_row][vc_column][vc_empty_space height=&#8221;100px&#8221;][vc_row_inner el_class=&#8221;row no-padding-vc&#8221;][vc_column_inner][vc_column_text css=&#8221;&#8221; el_class=&#8221;text-center&#8221;] Servicios de transporte de maquinaria pesada [\/vc_column_text][\/vc_column_inner][\/vc_row_inner][vc_empty_space height=&#8221;160px&#8221;][\/vc_column][\/vc_row][\/vc_section][vc_section el_id=&#8221;heavy-machinery-transport-services-section_1&#8243; css=&#8221;.vc_custom_1711991450297{background-image: url(https:\/\/www.mexcaltruckline.com\/wp-content\/uploads\/2024\/04\/heavy-machinery-transport-services-section_1-bg-img_1.png?id=1735) !important;background-position: center !important;background-repeat: no-repeat !important;background-size: cover !important;}&#8221; el_class=&#8221;bg-size-cover bg-no-repeat bg-center hide-bg&#8221;][vc_row][vc_column][vc_empty_space height=&#8221;90px&#8221; el_class=&#8221;show-for-large&#8221;][vc_row_inner el_class=&#8221;row no-padding-vc&#8221;][vc_column_inner el_class=&#8221;columns small-12 large-6 large-order-0 small-order-1&#8243; width=&#8221;1\/2&#8243;][vc_column_text el_class=&#8221;text-center large-text-left&#8221;] Log\u00edstica de fabricaci\u00f3n industrial con experiencia En<a class=\"excerpt-read-more\" href=\"https:\/\/www.mexcaltruckline.com\/es\/industrias\/servicios-de-transporte-de-maquinaria-pesada\/\" title=\"ReadServicios de transporte de maquinaria pesada\">&#8230; Read more &raquo;<\/a><\/p>\n","protected":false},"author":1,"featured_media":4816,"parent":1911,"menu_order":0,"comment_status":"closed","ping_status":"closed","template":"template-visual-builder.php","meta":{"inline_featured_image":false,"footnotes":""},"class_list":["post-1624","page","type-page","status-publish","has-post-thumbnail","hentry"],"yoast_head":"<!-- This site is optimized with the Yoast SEO plugin v26.9 - https:\/\/yoast.com\/product\/yoast-seo-wordpress\/ -->\n<title>Servicios de transporte de maquinaria | MexCal Truckline<\/title>\n<meta name=\"description\" content=\"MexCal Truckline es l\u00edder en log\u00edstica de maquinaria pesada, ofreciendo soluciones de transporte por cami\u00f3n a medida con m\u00e1s de 40 a\u00f1os de servicio experto.\" \/>\n<meta name=\"robots\" content=\"index, follow, max-snippet:-1, max-image-preview:large, max-video-preview:-1\" \/>\n<link rel=\"canonical\" href=\"https:\/\/www.mexcaltruckline.com\/es\/industrias\/servicios-de-transporte-de-maquinaria-pesada\/\" \/>\n<meta property=\"og:locale\" content=\"es_ES\" \/>\n<meta property=\"og:type\" content=\"article\" \/>\n<meta property=\"og:title\" content=\"Servicios de transporte de maquinaria | MexCal Truckline\" \/>\n<meta property=\"og:description\" content=\"MexCal Truckline es l\u00edder en log\u00edstica de maquinaria pesada, ofreciendo soluciones de transporte por cami\u00f3n a medida con m\u00e1s de 40 a\u00f1os de servicio experto.\" \/>\n<meta property=\"og:url\" content=\"https:\/\/www.mexcaltruckline.com\/es\/industrias\/servicios-de-transporte-de-maquinaria-pesada\/\" \/>\n<meta property=\"og:site_name\" content=\"MexCal Truckline - San Diego-Tijuana Trucking Company\" \/>\n<meta property=\"article:publisher\" content=\"https:\/\/www.facebook.com\/mexcaltrucklineusa\/\" \/>\n<meta property=\"article:modified_time\" content=\"2025-03-04T23:08:48+00:00\" \/>\n<meta property=\"og:image\" content=\"https:\/\/www.mexcaltruckline.com\/wp-content\/uploads\/2024\/10\/heavy-machinery-transport-services-section_1-img_1-png-1413\u00d7947-10-10-2024_04_16_PM-min.png\" \/>\n\t<meta property=\"og:image:width\" content=\"1397\" \/>\n\t<meta property=\"og:image:height\" content=\"932\" \/>\n\t<meta property=\"og:image:type\" content=\"image\/png\" \/>\n<meta name=\"twitter:card\" content=\"summary_large_image\" \/>\n<meta name=\"twitter:label1\" content=\"Est. reading time\" \/>\n\t<meta name=\"twitter:data1\" content=\"5 minutes\" \/>\n<script type=\"application\/ld+json\" class=\"yoast-schema-graph\">{\"@context\":\"https:\/\/schema.org\",\"@graph\":[{\"@type\":\"WebPage\",\"@id\":\"https:\/\/www.mexcaltruckline.com\/es\/industrias\/servicios-de-transporte-de-maquinaria-pesada\/\",\"url\":\"https:\/\/www.mexcaltruckline.com\/es\/industrias\/servicios-de-transporte-de-maquinaria-pesada\/\",\"name\":\"Servicios de transporte de maquinaria | MexCal Truckline\",\"isPartOf\":{\"@id\":\"https:\/\/www.mexcaltruckline.com\/#website\"},\"primaryImageOfPage\":{\"@id\":\"https:\/\/www.mexcaltruckline.com\/es\/industrias\/servicios-de-transporte-de-maquinaria-pesada\/#primaryimage\"},\"image\":{\"@id\":\"https:\/\/www.mexcaltruckline.com\/es\/industrias\/servicios-de-transporte-de-maquinaria-pesada\/#primaryimage\"},\"thumbnailUrl\":\"https:\/\/www.mexcaltruckline.com\/wp-content\/uploads\/2024\/10\/heavy-machinery-transport-services-section_1-img_1-png-1413\u00d7947-10-10-2024_04_16_PM-min.png\",\"datePublished\":\"2024-03-31T15:49:10+00:00\",\"dateModified\":\"2025-03-04T23:08:48+00:00\",\"description\":\"MexCal Truckline es l\u00edder en log\u00edstica de maquinaria pesada, ofreciendo soluciones de transporte por cami\u00f3n a medida con m\u00e1s de 40 a\u00f1os de servicio experto.\",\"breadcrumb\":{\"@id\":\"https:\/\/www.mexcaltruckline.com\/es\/industrias\/servicios-de-transporte-de-maquinaria-pesada\/#breadcrumb\"},\"inLanguage\":\"es-ES\",\"potentialAction\":[{\"@type\":\"ReadAction\",\"target\":[\"https:\/\/www.mexcaltruckline.com\/es\/industrias\/servicios-de-transporte-de-maquinaria-pesada\/\"]}]},{\"@type\":\"ImageObject\",\"inLanguage\":\"es-ES\",\"@id\":\"https:\/\/www.mexcaltruckline.com\/es\/industrias\/servicios-de-transporte-de-maquinaria-pesada\/#primaryimage\",\"url\":\"https:\/\/www.mexcaltruckline.com\/wp-content\/uploads\/2024\/10\/heavy-machinery-transport-services-section_1-img_1-png-1413\u00d7947-10-10-2024_04_16_PM-min.png\",\"contentUrl\":\"https:\/\/www.mexcaltruckline.com\/wp-content\/uploads\/2024\/10\/heavy-machinery-transport-services-section_1-img_1-png-1413\u00d7947-10-10-2024_04_16_PM-min.png\",\"width\":1397,\"height\":932,\"caption\":\"Heavy machinery transport\"},{\"@type\":\"BreadcrumbList\",\"@id\":\"https:\/\/www.mexcaltruckline.com\/es\/industrias\/servicios-de-transporte-de-maquinaria-pesada\/#breadcrumb\",\"itemListElement\":[{\"@type\":\"ListItem\",\"position\":1,\"name\":\"Home\",\"item\":\"https:\/\/www.mexcaltruckline.com\/es\/\"},{\"@type\":\"ListItem\",\"position\":2,\"name\":\"Industrias\",\"item\":\"https:\/\/www.mexcaltruckline.com\/es\/industrias\/\"},{\"@type\":\"ListItem\",\"position\":3,\"name\":\"Servicios de transporte de maquinaria pesada\"}]},{\"@type\":\"WebSite\",\"@id\":\"https:\/\/www.mexcaltruckline.com\/#website\",\"url\":\"https:\/\/www.mexcaltruckline.com\/\",\"name\":\"MexCal Truckline | Mexico-San Diego Trucking Company\",\"description\":\"On Time, Every Time.\",\"publisher\":{\"@id\":\"https:\/\/www.mexcaltruckline.com\/#organization\"},\"alternateName\":\"Mexcal Truckline\",\"potentialAction\":[{\"@type\":\"SearchAction\",\"target\":{\"@type\":\"EntryPoint\",\"urlTemplate\":\"https:\/\/www.mexcaltruckline.com\/?s={search_term_string}\"},\"query-input\":{\"@type\":\"PropertyValueSpecification\",\"valueRequired\":true,\"valueName\":\"search_term_string\"}}],\"inLanguage\":\"es-ES\"},{\"@type\":\"Organization\",\"@id\":\"https:\/\/www.mexcaltruckline.com\/#organization\",\"name\":\"Mex-Cal Truckline Transportes\",\"url\":\"https:\/\/www.mexcaltruckline.com\/\",\"logo\":{\"@type\":\"ImageObject\",\"inLanguage\":\"es-ES\",\"@id\":\"https:\/\/www.mexcaltruckline.com\/#\/schema\/logo\/image\/\",\"url\":\"https:\/\/www.mexcaltruckline.com\/wp-content\/uploads\/2023\/07\/logo_mex-cal.svg\",\"contentUrl\":\"https:\/\/www.mexcaltruckline.com\/wp-content\/uploads\/2023\/07\/logo_mex-cal.svg\",\"width\":\"1024\",\"height\":\"1024\",\"caption\":\"Mex-Cal Truckline Transportes\"},\"image\":{\"@id\":\"https:\/\/www.mexcaltruckline.com\/#\/schema\/logo\/image\/\"},\"sameAs\":[\"https:\/\/www.facebook.com\/mexcaltrucklineusa\/\",\"https:\/\/www.instagram.com\/mexcaltruckline\/\",\"https:\/\/www.indeed.com\/cmp\/Mex--cal-Truckline\"]}]}<\/script>\n<!-- \/ Yoast SEO plugin. -->","yoast_head_json":{"title":"Servicios de transporte de maquinaria | MexCal Truckline","description":"MexCal Truckline es l\u00edder en log\u00edstica de maquinaria pesada, ofreciendo soluciones de transporte por cami\u00f3n a medida con m\u00e1s de 40 a\u00f1os de servicio experto.","robots":{"index":"index","follow":"follow","max-snippet":"max-snippet:-1","max-image-preview":"max-image-preview:large","max-video-preview":"max-video-preview:-1"},"canonical":"https:\/\/www.mexcaltruckline.com\/es\/industrias\/servicios-de-transporte-de-maquinaria-pesada\/","og_locale":"es_ES","og_type":"article","og_title":"Servicios de transporte de maquinaria | MexCal Truckline","og_description":"MexCal Truckline es l\u00edder en log\u00edstica de maquinaria pesada, ofreciendo soluciones de transporte por cami\u00f3n a medida con m\u00e1s de 40 a\u00f1os de servicio experto.","og_url":"https:\/\/www.mexcaltruckline.com\/es\/industrias\/servicios-de-transporte-de-maquinaria-pesada\/","og_site_name":"MexCal Truckline - San Diego-Tijuana Trucking Company","article_publisher":"https:\/\/www.facebook.com\/mexcaltrucklineusa\/","article_modified_time":"2025-03-04T23:08:48+00:00","og_image":[{"width":1397,"height":932,"url":"https:\/\/www.mexcaltruckline.com\/wp-content\/uploads\/2024\/10\/heavy-machinery-transport-services-section_1-img_1-png-1413\u00d7947-10-10-2024_04_16_PM-min.png","type":"image\/png"}],"twitter_card":"summary_large_image","twitter_misc":{"Est. reading time":"5 minutes"},"schema":{"@context":"https:\/\/schema.org","@graph":[{"@type":"WebPage","@id":"https:\/\/www.mexcaltruckline.com\/es\/industrias\/servicios-de-transporte-de-maquinaria-pesada\/","url":"https:\/\/www.mexcaltruckline.com\/es\/industrias\/servicios-de-transporte-de-maquinaria-pesada\/","name":"Servicios de transporte de maquinaria | MexCal Truckline","isPartOf":{"@id":"https:\/\/www.mexcaltruckline.com\/#website"},"primaryImageOfPage":{"@id":"https:\/\/www.mexcaltruckline.com\/es\/industrias\/servicios-de-transporte-de-maquinaria-pesada\/#primaryimage"},"image":{"@id":"https:\/\/www.mexcaltruckline.com\/es\/industrias\/servicios-de-transporte-de-maquinaria-pesada\/#primaryimage"},"thumbnailUrl":"https:\/\/www.mexcaltruckline.com\/wp-content\/uploads\/2024\/10\/heavy-machinery-transport-services-section_1-img_1-png-1413\u00d7947-10-10-2024_04_16_PM-min.png","datePublished":"2024-03-31T15:49:10+00:00","dateModified":"2025-03-04T23:08:48+00:00","description":"MexCal Truckline es l\u00edder en log\u00edstica de maquinaria pesada, ofreciendo soluciones de transporte por cami\u00f3n a medida con m\u00e1s de 40 a\u00f1os de servicio experto.","breadcrumb":{"@id":"https:\/\/www.mexcaltruckline.com\/es\/industrias\/servicios-de-transporte-de-maquinaria-pesada\/#breadcrumb"},"inLanguage":"es-ES","potentialAction":[{"@type":"ReadAction","target":["https:\/\/www.mexcaltruckline.com\/es\/industrias\/servicios-de-transporte-de-maquinaria-pesada\/"]}]},{"@type":"ImageObject","inLanguage":"es-ES","@id":"https:\/\/www.mexcaltruckline.com\/es\/industrias\/servicios-de-transporte-de-maquinaria-pesada\/#primaryimage","url":"https:\/\/www.mexcaltruckline.com\/wp-content\/uploads\/2024\/10\/heavy-machinery-transport-services-section_1-img_1-png-1413\u00d7947-10-10-2024_04_16_PM-min.png","contentUrl":"https:\/\/www.mexcaltruckline.com\/wp-content\/uploads\/2024\/10\/heavy-machinery-transport-services-section_1-img_1-png-1413\u00d7947-10-10-2024_04_16_PM-min.png","width":1397,"height":932,"caption":"Heavy machinery transport"},{"@type":"BreadcrumbList","@id":"https:\/\/www.mexcaltruckline.com\/es\/industrias\/servicios-de-transporte-de-maquinaria-pesada\/#breadcrumb","itemListElement":[{"@type":"ListItem","position":1,"name":"Home","item":"https:\/\/www.mexcaltruckline.com\/es\/"},{"@type":"ListItem","position":2,"name":"Industrias","item":"https:\/\/www.mexcaltruckline.com\/es\/industrias\/"},{"@type":"ListItem","position":3,"name":"Servicios de transporte de maquinaria pesada"}]},{"@type":"WebSite","@id":"https:\/\/www.mexcaltruckline.com\/#website","url":"https:\/\/www.mexcaltruckline.com\/","name":"MexCal Truckline | Mexico-San Diego Trucking Company","description":"On Time, Every Time.","publisher":{"@id":"https:\/\/www.mexcaltruckline.com\/#organization"},"alternateName":"Mexcal Truckline","potentialAction":[{"@type":"SearchAction","target":{"@type":"EntryPoint","urlTemplate":"https:\/\/www.mexcaltruckline.com\/?s={search_term_string}"},"query-input":{"@type":"PropertyValueSpecification","valueRequired":true,"valueName":"search_term_string"}}],"inLanguage":"es-ES"},{"@type":"Organization","@id":"https:\/\/www.mexcaltruckline.com\/#organization","name":"Mex-Cal Truckline Transportes","url":"https:\/\/www.mexcaltruckline.com\/","logo":{"@type":"ImageObject","inLanguage":"es-ES","@id":"https:\/\/www.mexcaltruckline.com\/#\/schema\/logo\/image\/","url":"https:\/\/www.mexcaltruckline.com\/wp-content\/uploads\/2023\/07\/logo_mex-cal.svg","contentUrl":"https:\/\/www.mexcaltruckline.com\/wp-content\/uploads\/2023\/07\/logo_mex-cal.svg","width":"1024","height":"1024","caption":"Mex-Cal Truckline Transportes"},"image":{"@id":"https:\/\/www.mexcaltruckline.com\/#\/schema\/logo\/image\/"},"sameAs":["https:\/\/www.facebook.com\/mexcaltrucklineusa\/","https:\/\/www.instagram.com\/mexcaltruckline\/","https:\/\/www.indeed.com\/cmp\/Mex--cal-Truckline"]}]}},"_links":{"self":[{"href":"https:\/\/www.mexcaltruckline.com\/es\/wp-json\/wp\/v2\/pages\/1624","targetHints":{"allow":["GET"]}}],"collection":[{"href":"https:\/\/www.mexcaltruckline.com\/es\/wp-json\/wp\/v2\/pages"}],"about":[{"href":"https:\/\/www.mexcaltruckline.com\/es\/wp-json\/wp\/v2\/types\/page"}],"author":[{"embeddable":true,"href":"https:\/\/www.mexcaltruckline.com\/es\/wp-json\/wp\/v2\/users\/1"}],"replies":[{"embeddable":true,"href":"https:\/\/www.mexcaltruckline.com\/es\/wp-json\/wp\/v2\/comments?post=1624"}],"version-history":[{"count":43,"href":"https:\/\/www.mexcaltruckline.com\/es\/wp-json\/wp\/v2\/pages\/1624\/revisions"}],"predecessor-version":[{"id":19578,"href":"https:\/\/www.mexcaltruckline.com\/es\/wp-json\/wp\/v2\/pages\/1624\/revisions\/19578"}],"up":[{"embeddable":true,"href":"https:\/\/www.mexcaltruckline.com\/es\/wp-json\/wp\/v2\/pages\/1911"}],"wp:featuredmedia":[{"embeddable":true,"href":"https:\/\/www.mexcaltruckline.com\/es\/wp-json\/wp\/v2\/media\/4816"}],"wp:attachment":[{"href":"https:\/\/www.mexcaltruckline.com\/es\/wp-json\/wp\/v2\/media?parent=1624"}],"curies":[{"name":"wp","href":"https:\/\/api.w.org\/{rel}","templated":true}]}}